{"id":204,"date":"2026-03-17T12:47:16","date_gmt":"2026-03-17T11:47:16","guid":{"rendered":"http:\/\/openscience.bc.cas.cz\/?page_id=204"},"modified":"2026-04-09T12:07:27","modified_gmt":"2026-04-09T10:07:27","slug":"kalendar","status":"publish","type":"page","link":"https:\/\/openscience.bc.cas.cz\/en\/kalendar\/","title":{"rendered":"Calendar"},"content":{"rendered":"<div class=\"wp-block-cover has-custom-content-position is-position-top-center\" style=\"padding-top:0;padding-right:0;padding-bottom:var(--wp--preset--spacing--60);padding-left:0;min-height:553px;aspect-ratio:unset;\"><img loading=\"lazy\" decoding=\"async\" width=\"1024\" height=\"683\" class=\"wp-block-cover__image-background wp-image-461 size-large\" alt=\"\" src=\"http:\/\/openscience.bc.cas.cz\/wp-content\/uploads\/2026\/03\/tungart7-business-8805912_1920-1024x683.jpg\" data-object-fit=\"cover\" srcset=\"https:\/\/openscience.bc.cas.cz\/wp-content\/uploads\/2026\/03\/tungart7-business-8805912_1920-1024x683.jpg 1024w, https:\/\/openscience.bc.cas.cz\/wp-content\/uploads\/2026\/03\/tungart7-business-8805912_1920-300x200.jpg 300w, https:\/\/openscience.bc.cas.cz\/wp-content\/uploads\/2026\/03\/tungart7-business-8805912_1920-768x512.jpg 768w, https:\/\/openscience.bc.cas.cz\/wp-content\/uploads\/2026\/03\/tungart7-business-8805912_1920-1536x1024.jpg 1536w, https:\/\/openscience.bc.cas.cz\/wp-content\/uploads\/2026\/03\/tungart7-business-8805912_1920-18x12.jpg 18w, https:\/\/openscience.bc.cas.cz\/wp-content\/uploads\/2026\/03\/tungart7-business-8805912_1920.jpg 1920w\" sizes=\"auto, (max-width: 1024px) 100vw, 1024px\" \/><span aria-hidden=\"true\" class=\"wp-block-cover__background has-background-dim-80 has-background-dim wp-block-cover__gradient-background has-background-gradient\" style=\"background:linear-gradient(26deg,rgb(0,0,0) 0%,rgb(0,0,0) 52%,rgb(66,145,134) 100%)\"><\/span><div class=\"wp-block-cover__inner-container is-layout-flow wp-block-cover-is-layout-flow\">\n<div class=\"wp-block-group has-global-padding is-layout-constrained wp-block-group-is-layout-constrained\" style=\"padding-top:var(--wp--preset--spacing--60)\">\n<div class=\"wp-block-columns are-vertically-aligned-center is-layout-flex wp-container-core-columns-is-layout-7fc3d43a wp-block-columns-is-layout-flex\">\n<div class=\"wp-block-column is-vertically-aligned-center is-layout-flow wp-block-column-is-layout-flow\">\n<p><\/p>\n\n\n\n<h2 class=\"wp-block-heading has-text-align-center has-base-2-color has-text-color has-link-color wp-elements-e75ae6100665be78ef66a978afb64ba3\" style=\"font-size:clamp(31.609px, 1.976rem + ((1vw - 3.2px) * 2.975), 56px);font-style:normal;font-weight:700;line-height:1.2\">Calendar<\/h2>\n<\/div>\n<\/div>\n<\/div>\n<\/div><\/div>\n\n\n        <div class=\"guten-event-blocks\">\n            <div class='etn-row etn-event-wrapper'>\n        <div class=\"etn-col-md-6 etn-col-lg-4\">\n        <div class=\"etn-event-item\">\n            <!-- thumbnail -->\n            <div class=\"etn-event-thumb\">\n                                    <a\n                        href=\"https:\/\/openscience.bc.cas.cz\/en\/etn\/test-zobrazeni\/\"\n                        aria-label=\"Calendar\"\n                    >\n                        <img decoding=\"async\" src=\"http:\/\/openscience.bc.cas.cz\/wp-content\/uploads\/2026\/04\/1.jpg\" alt=\"Image\">\n                    <\/a>\n                \n                <div class=\"etn-event-category\">\n                                    <\/div>\n                            <\/div>\n            <!-- thumbnail start-->\n\n            <!-- content start-->\n            <div class=\"etn-event-content\">\n                                                            <div class=\"etn-event-location\">\n                            <i class=\"etn-icon etn-location\"><\/i>\n                            THS: Velk\u00e1 zasedac\u00ed m\u00edstnost                        <\/div>\n                    \n                \n                <h3 class=\"etn-title etn-event-title\"><a href=\"https:\/\/openscience.bc.cas.cz\/en\/etn\/test-zobrazeni\/\">\n                    Electronic information resources in Czech<\/a>\n                <\/h3>\n                                    <p>\n                        BC p\u0159edpl\u00e1c\u00ed \u0159adu e-zdroj\u016f. Jde hlavn\u011b o kolekce odborn\u00fdch \u010dasopis\u016f v\u00fdznamn\u00fdch vydavatel\u016f, nap\u0159. Elsevier, Wiley, Springer atd. Sou\u010dasn\u011b maj\u00ed zam\u011bstnanci                    <\/p>\n                \n                <div class=\"etn-event-footer\">\n                    <div class=\"etn-event-date\">\n                        \t\t\t<span>\n\t\t\t\t<i class=\"etn-icon etn-calendar\"><\/i>\n\t\t\t\t11. 6. 2026\t\t\t<\/span>\n\t\t                    <\/div>\n                    <div class=\"etn-atend-btn\">\n                                                <a href=\"https:\/\/openscience.bc.cas.cz\/en\/etn\/test-zobrazeni\/\" class=\"etn-btn etn-btn-border\"\n                            title=\"Electronic information resources in Czech\">Attend                            <i class=\"etn-icon etm-arrow-right\"><\/i><\/a>\n                                            <\/div>\n                <\/div>\n            <\/div>\n                        <!-- content end-->\n        <\/div>\n        <!-- etn event item end-->\n    <\/div>\n        <div class=\"etn-col-md-6 etn-col-lg-4\">\n        <div class=\"etn-event-item\">\n            <!-- thumbnail -->\n            <div class=\"etn-event-thumb\">\n                                    <a\n                        href=\"https:\/\/openscience.bc.cas.cz\/en\/etn\/electronic-information-resources-in-english\/\"\n                        aria-label=\"Calendar\"\n                    >\n                        <img decoding=\"async\" src=\"http:\/\/openscience.bc.cas.cz\/wp-content\/uploads\/2026\/04\/1.jpg\" alt=\"Image\">\n                    <\/a>\n                \n                <div class=\"etn-event-category\">\n                                    <\/div>\n                            <\/div>\n            <!-- thumbnail start-->\n\n            <!-- content start-->\n            <div class=\"etn-event-content\">\n                                                            <div class=\"etn-event-location\">\n                            <i class=\"etn-icon etn-location\"><\/i>\n                            TAS building: Big conference room                        <\/div>\n                    \n                \n                <h3 class=\"etn-title etn-event-title\"><a href=\"https:\/\/openscience.bc.cas.cz\/en\/etn\/electronic-information-resources-in-english\/\">\n                    Electronic information resources in English<\/a>\n                <\/h3>\n                                    <p>\n                        The BC subscribes to a number of e-resources. These are mainly collections of professional journals from major publishers, such as                    <\/p>\n                \n                <div class=\"etn-event-footer\">\n                    <div class=\"etn-event-date\">\n                        \t\t\t<span>\n\t\t\t\t<i class=\"etn-icon etn-calendar\"><\/i>\n\t\t\t\t18. 6. 2026\t\t\t<\/span>\n\t\t                    <\/div>\n                    <div class=\"etn-atend-btn\">\n                                                <a href=\"https:\/\/openscience.bc.cas.cz\/en\/etn\/electronic-information-resources-in-english\/\" class=\"etn-btn etn-btn-border\"\n                            title=\"Electronic information resources in English\">Attend                            <i class=\"etn-icon etm-arrow-right\"><\/i><\/a>\n                                            <\/div>\n                <\/div>\n            <\/div>\n                        <!-- content end-->\n        <\/div>\n        <!-- etn event item end-->\n    <\/div>\n        <div class=\"etn-col-md-6 etn-col-lg-4\">\n        <div class=\"etn-event-item\">\n            <!-- thumbnail -->\n            <div class=\"etn-event-thumb\">\n                                    <a\n                        href=\"https:\/\/openscience.bc.cas.cz\/en\/etn\/data-management-plan\/\"\n                        aria-label=\"Calendar\"\n                    >\n                        <img decoding=\"async\" src=\"http:\/\/openscience.bc.cas.cz\/wp-content\/uploads\/2026\/04\/2.jpg\" alt=\"Image\">\n                    <\/a>\n                \n                <div class=\"etn-event-category\">\n                                    <\/div>\n                            <\/div>\n            <!-- thumbnail start-->\n\n            <!-- content start-->\n            <div class=\"etn-event-content\">\n                                                            <div class=\"etn-event-location\">\n                            <i class=\"etn-icon etn-location\"><\/i>\n                            THS: Velk\u00e1 zasedac\u00ed m\u00edstnost                        <\/div>\n                    \n                \n                <h3 class=\"etn-title etn-event-title\"><a href=\"https:\/\/openscience.bc.cas.cz\/en\/etn\/data-management-plan\/\">\n                    Data Management Plan in Czech<\/a>\n                <\/h3>\n                                    <p>\n                        Pl\u00e1n spr\u00e1vy dat (DMP) je dokument, kter\u00fd popisuje, jak budou v\u00fdzkumn\u00e1 data shroma\u017e\u010fov\u00e1na, zpracov\u00e1v\u00e1na, zabezpe\u010dena, uchov\u00e1v\u00e1na a zp\u0159\u00edstup\u0148ov\u00e1na. A to                    <\/p>\n                \n                <div class=\"etn-event-footer\">\n                    <div class=\"etn-event-date\">\n                        \t\t\t<span>\n\t\t\t\t<i class=\"etn-icon etn-calendar\"><\/i>\n\t\t\t\t24. 9. 2026\t\t\t<\/span>\n\t\t                    <\/div>\n                    <div class=\"etn-atend-btn\">\n                                                <a href=\"https:\/\/openscience.bc.cas.cz\/en\/etn\/data-management-plan\/\" class=\"etn-btn etn-btn-border\"\n                            title=\"Data Management Plan in Czech\">Attend                            <i class=\"etn-icon etm-arrow-right\"><\/i><\/a>\n                                            <\/div>\n                <\/div>\n            <\/div>\n                        <!-- content end-->\n        <\/div>\n        <!-- etn event item end-->\n    <\/div>\n        <div class=\"etn-col-md-6 etn-col-lg-4\">\n        <div class=\"etn-event-item\">\n            <!-- thumbnail -->\n            <div class=\"etn-event-thumb\">\n                                    <a\n                        href=\"https:\/\/openscience.bc.cas.cz\/en\/etn\/data-management-plan-in-english\/\"\n                        aria-label=\"Calendar\"\n                    >\n                        <img decoding=\"async\" src=\"http:\/\/openscience.bc.cas.cz\/wp-content\/uploads\/2026\/04\/2.jpg\" alt=\"Image\">\n                    <\/a>\n                \n                <div class=\"etn-event-category\">\n                                    <\/div>\n                            <\/div>\n            <!-- thumbnail start-->\n\n            <!-- content start-->\n            <div class=\"etn-event-content\">\n                                                            <div class=\"etn-event-location\">\n                            <i class=\"etn-icon etn-location\"><\/i>\n                            TAS building: Big conference room                        <\/div>\n                    \n                \n                <h3 class=\"etn-title etn-event-title\"><a href=\"https:\/\/openscience.bc.cas.cz\/en\/etn\/data-management-plan-in-english\/\">\n                    Data Management Plan in English<\/a>\n                <\/h3>\n                                    <p>\n                        A Data Management Plan (DMP) is a document that describes how research data will be collected, processed, secured, stored and                    <\/p>\n                \n                <div class=\"etn-event-footer\">\n                    <div class=\"etn-event-date\">\n                        \t\t\t<span>\n\t\t\t\t<i class=\"etn-icon etn-calendar\"><\/i>\n\t\t\t\t1. 10. 2026\t\t\t<\/span>\n\t\t                    <\/div>\n                    <div class=\"etn-atend-btn\">\n                                                <a href=\"https:\/\/openscience.bc.cas.cz\/en\/etn\/data-management-plan-in-english\/\" class=\"etn-btn etn-btn-border\"\n                            title=\"Data Management Plan in English\">Attend                            <i class=\"etn-icon etm-arrow-right\"><\/i><\/a>\n                                            <\/div>\n                <\/div>\n            <\/div>\n                        <!-- content end-->\n        <\/div>\n        <!-- etn event item end-->\n    <\/div>\n    <\/div>\n\n        <\/div>\n        \n\n\n<div class=\"wp-block-eventin-pro-container\"><div class=\"pt-container-block-container-95754ae6-3380-42b4-8e71-f5cd5ed4bbb9 pt-container-parent\" style=\"margin:0 auto;display:flex;justify-content:center\"><div class=\"pt-container-inner\" style=\"max-width:100%;margin:0px 0px 0px 0px;padding:0px 0px 0px 0px;width:;z-index:;left:;top:;position:relative;display:block\"><style>\n                        \n        .pt-container-block-container-95754ae6-3380-42b4-8e71-f5cd5ed4bbb9 {\n            \n            \n            \n            \n            box-shadow: 0px 0px 0px 0px #808080;\n            \n            border-radius: 0px 0px 0px 0px;\n        }\n\n        .pt-container-block-container-95754ae6-3380-42b4-8e71-f5cd5ed4bbb9:hover {\n            \n            \n            \n            box-shadow: 0px 0px 0px 0px ;\n            \n            \n            border-radius: 0px 0px 0px 0px;\n        }\n    \n\n                        .wp-block-poptics-container, \n                        .block-editor-block-list__block{\n                            flex-basis: 100%;\n                        }\n\n                        .wp-block-poptics-container:has(> .pt-container-block-container-95754ae6-3380-42b4-8e71-f5cd5ed4bbb9), \n                        .block-editor-block-list__block:has(.pt-container-block-container-95754ae6-3380-42b4-8e71-f5cd5ed4bbb9.pt-container-parent) {\n                            flex-basis: 100%;\n                            flex-shrink: 1;\n                        }\n\n                        .pt-container-block-container-95754ae6-3380-42b4-8e71-f5cd5ed4bbb9 .block-editor-inner-blocks .block-editor-block-list__layout {\n                            display: flex;\n                            flex-direction: row;\n                            justify-content: center!important;\n                            align-items: center;\n                            \n                            \n                            \n                            min-height: 0px;\n                        }\n\n                        .pt-container-block-container-95754ae6-3380-42b4-8e71-f5cd5ed4bbb9 .pt-container-content {\n                            display: flex;\n                            flex-direction: row;\n                            justify-content: center;\n                            align-items: center;\n                            \n                            \n                            \n                        }\n\n                        \n\n                        \n\n                        .pt-container-block-container-95754ae6-3380-42b4-8e71-f5cd5ed4bbb9.pt-container-parent{\n                            max-width: none;\n                        }\n                <\/style><div class=\"pt-container-content\" style=\"display:flex;min-height:0px;flex-direction:row;justify-content:center;align-items:center\"><\/div><\/div><\/div><\/div>\n\n\n\n<p><\/p>","protected":false},"excerpt":{"rendered":"","protected":false},"author":1,"featured_media":0,"parent":0,"menu_order":0,"comment_status":"closed","ping_status":"closed","template":"","meta":{"footnotes":""},"class_list":["post-204","page","type-page","status-publish","hentry"],"_links":{"self":[{"href":"https:\/\/openscience.bc.cas.cz\/en\/wp-json\/wp\/v2\/pages\/204","targetHints":{"allow":["GET"]}}],"collection":[{"href":"https:\/\/openscience.bc.cas.cz\/en\/wp-json\/wp\/v2\/pages"}],"about":[{"href":"https:\/\/openscience.bc.cas.cz\/en\/wp-json\/wp\/v2\/types\/page"}],"author":[{"embeddable":true,"href":"https:\/\/openscience.bc.cas.cz\/en\/wp-json\/wp\/v2\/users\/1"}],"replies":[{"embeddable":true,"href":"https:\/\/openscience.bc.cas.cz\/en\/wp-json\/wp\/v2\/comments?post=204"}],"version-history":[{"count":11,"href":"https:\/\/openscience.bc.cas.cz\/en\/wp-json\/wp\/v2\/pages\/204\/revisions"}],"predecessor-version":[{"id":1072,"href":"https:\/\/openscience.bc.cas.cz\/en\/wp-json\/wp\/v2\/pages\/204\/revisions\/1072"}],"wp:attachment":[{"href":"https:\/\/openscience.bc.cas.cz\/en\/wp-json\/wp\/v2\/media?parent=204"}],"curies":[{"name":"wp","href":"https:\/\/api.w.org\/{rel}","templated":true}]}}