{"id":165,"date":"2026-03-06T09:52:22","date_gmt":"2026-03-06T09:52:22","guid":{"rendered":"http:\/\/openscience.bc.cas.cz\/?page_id=165"},"modified":"2026-04-08T13:00:22","modified_gmt":"2026-04-08T11:00:22","slug":"fair-principy","status":"publish","type":"page","link":"https:\/\/openscience.bc.cas.cz\/en\/fair-data\/fair-principy\/","title":{"rendered":"FAIR Principles"},"content":{"rendered":"<main class=\"wp-block-cover animated fadeInUp fast banner-section\" style=\"margin-top:0;margin-bottom:0;padding-top:var(--wp--preset--spacing--40);padding-bottom:var(--wp--preset--spacing--40);min-height:643px;aspect-ratio:unset;\"><img loading=\"lazy\" decoding=\"async\" width=\"1024\" height=\"684\" class=\"wp-block-cover__image-background wp-image-705 size-large\" alt=\"\" src=\"http:\/\/openscience.bc.cas.cz\/wp-content\/uploads\/2026\/03\/Biologicke-centrum-AV-CR20-1024x684.jpg\" data-object-fit=\"cover\" srcset=\"https:\/\/openscience.bc.cas.cz\/wp-content\/uploads\/2026\/03\/Biologicke-centrum-AV-CR20-1024x684.jpg 1024w, https:\/\/openscience.bc.cas.cz\/wp-content\/uploads\/2026\/03\/Biologicke-centrum-AV-CR20-300x200.jpg 300w, https:\/\/openscience.bc.cas.cz\/wp-content\/uploads\/2026\/03\/Biologicke-centrum-AV-CR20-768x513.jpg 768w, https:\/\/openscience.bc.cas.cz\/wp-content\/uploads\/2026\/03\/Biologicke-centrum-AV-CR20-1536x1025.jpg 1536w, https:\/\/openscience.bc.cas.cz\/wp-content\/uploads\/2026\/03\/Biologicke-centrum-AV-CR20-2048x1367.jpg 2048w, https:\/\/openscience.bc.cas.cz\/wp-content\/uploads\/2026\/03\/Biologicke-centrum-AV-CR20-18x12.jpg 18w\" sizes=\"auto, (max-width: 1024px) 100vw, 1024px\" \/><span aria-hidden=\"true\" class=\"wp-block-cover__background has-background-dim-80 has-background-dim wp-block-cover__gradient-background has-background-gradient\" style=\"background:linear-gradient(320deg,rgb(0,0,0) 0%,rgb(0,0,0) 47%,rgb(66,145,134) 100%)\"><\/span><div class=\"wp-block-cover__inner-container is-layout-flow wp-block-cover-is-layout-flow\">\n<main class=\"wp-block-group alignfull has-global-padding is-layout-constrained wp-container-core-group-is-layout-5a0bff97 wp-block-group-is-layout-constrained\" style=\"padding-top:var(--wp--preset--spacing--40);padding-right:20px;padding-bottom:var(--wp--preset--spacing--40);padding-left:20px\">\n<div class=\"wp-block-columns is-layout-flex wp-container-core-columns-is-layout-9fa5bd33 wp-block-columns-is-layout-flex\" style=\"padding-right:0;padding-left:0\">\n<div class=\"wp-block-column is-vertically-aligned-center is-layout-flow wp-block-column-is-layout-flow\">\n<p class=\"has-text-align-center\"><strong><strong><strong><a href=\"https:\/\/www.bc.cas.cz\/cz\/\" target=\"_blank\" rel=\"noreferrer noopener\"><mark style=\"background-color:rgba(0, 0, 0, 0)\" class=\"has-inline-color has-primary-color\"><span style=\"text-decoration: underline;\">Biology Centre CAS<\/span><\/mark><\/a><\/strong><\/strong><\/strong><\/p>\n\n\n\n<h2 class=\"wp-block-heading has-text-align-center has-heading-text-color-color has-text-color has-link-color has-body-font-family wp-elements-dd0e09a13d586bd1d2284a052c5a4418\" style=\"font-size:clamp(27.894px, 1.743rem + ((1vw - 3.2px) * 2.452), 48px);font-style:normal;font-weight:600\">FAIR Principles<\/h2>\n\n\n\n<p class=\"has-text-align-center has-heading-text-color-color has-text-color has-link-color wp-elements-d12dcccfdd894aefccb3a8ad9279e7cc\" style=\"font-size:clamp(14px, 0.875rem + ((1vw - 3.2px) * 0.244), 16px);\"><mark style=\"background-color:rgba(0, 0, 0, 0)\" class=\"has-inline-color has-base-color\">These principles were developed as an international standard for the responsible management of research data and today serve as the guiding recommendations for most funding agencies, universities, and data infrastructures.<\/mark><\/p>\n\n\n\n<p class=\"has-text-align-center has-heading-text-color-color has-text-color has-link-color wp-elements-ed91cb9bc57940e7672ddd6d2597d6fa\" style=\"font-size:clamp(14px, 0.875rem + ((1vw - 3.2px) * 0.244), 16px);\"><\/p>\n\n\n\n<div class=\"wp-block-buttons is-content-justification-center is-layout-flex wp-container-core-buttons-is-layout-06d4de86 wp-block-buttons-is-layout-flex\" style=\"margin-top:var(--wp--preset--spacing--30);margin-bottom:var(--wp--preset--spacing--30)\">\n<div class=\"wp-block-button\"><a class=\"wp-block-button__link has-heading-text-color-color has-text-color has-link-color wp-element-button\" href=\"#fair-principy\" style=\"border-style:none;border-width:0px\">More...<\/a><\/div>\n\n\n\n<div class=\"wp-block-button\"><a class=\"wp-block-button__link has-text-color has-background has-link-color has-border-color has-primary-border-color wp-element-button\" href=\"mailto:frantisek.vorel@bc.cas.cz\" style=\"border-width:1px;color:#ffffff;background-color:#ffffff00;padding-top:var(--wp--preset--spacing--10);padding-right:var(--wp--preset--spacing--30);padding-bottom:var(--wp--preset--spacing--10);padding-left:var(--wp--preset--spacing--30)\">Contact support<\/a><\/div>\n<\/div>\n<\/div>\n<\/div>\n<\/main>\n<\/div><\/main>\n\n\n\n<main id=\"fair-principy\" class=\"wp-block-group animated fadeInUp team-section has-global-padding is-layout-constrained wp-container-core-group-is-layout-b1aa8060 wp-block-group-is-layout-constrained\" style=\"margin-top:0;margin-bottom:0;padding-top:var(--wp--preset--spacing--50);padding-right:20px;padding-bottom:var(--wp--preset--spacing--50);padding-left:20px\">\n<p class=\"has-text-align-center has-base-color has-text-color has-link-color wp-elements-c3d4c2d0b23391e62b82864f04b050d5\" style=\"font-size:clamp(14px, 0.875rem + ((1vw - 3.2px) * 0.244), 16px);\">FAIR data is data that is designed and processed in a way that makes it easy to find, access, integrate with other data, and reuse by people and computers. The goal of FAIR is not necessarily \u201cmaximum openness,\u201d but rather ensuring that data is valuable and usable<\/p>\n\n\n\n<p class=\"has-text-align-center has-base-color has-text-color has-link-color wp-elements-f5177a3a04671c2d6f8ff711d8c99fcc\" style=\"font-size:clamp(14.642px, 0.915rem + ((1vw - 3.2px) * 0.897), 22px);\"><strong>\u201eas open as possible, as closed as necessary\u201c.<\/strong><\/p>\n\n\n\n<p class=\"has-text-align-center has-base-color has-text-color has-link-color wp-elements-e4042886c9690016de88e2f9de66c278\" style=\"font-size:clamp(14px, 0.875rem + ((1vw - 3.2px) * 0.244), 16px);\">Well-managed data does more than just increase transparency. It significantly enhances the reproducibility of research, reduces the risk of data loss, and enables the reuse of data in other projects. FAIR is not synonymous with Open Data. Data can be FAIR while remaining non-public, provided there are clear access rules in place.<\/p>\n<\/main>\n\n\n\n<main class=\"wp-block-group animated fadeInUp about-us-section has-contrast-2-background-color has-background has-global-padding is-layout-constrained wp-container-core-group-is-layout-bbc6e5c8 wp-block-group-is-layout-constrained\" style=\"margin-top:0;margin-bottom:0;padding-top:var(--wp--preset--spacing--50);padding-right:0;padding-bottom:var(--wp--preset--spacing--50);padding-left:0\">\n<h2 class=\"wp-block-heading has-text-align-center has-base-color has-text-color has-link-color has-body-font-family wp-elements-f60975017ba3fa44e7390eb3eb6f3bdf\" style=\"font-size:clamp(20px, 1.25rem + ((1vw - 3.2px) * 1.463), 32px);\"><strong>FAIR does not mean the same thing as OPEN<\/strong><\/h2>\n\n\n\n<p class=\"has-text-align-center\"><\/p>\n\n\n\n<div class=\"wp-block-group is-layout-flow wp-block-group-is-layout-flow\" style=\"padding-right:25px;padding-left:25px\">\n<div class=\"wp-block-columns are-vertically-aligned-center is-layout-flex wp-container-core-columns-is-layout-7fc3d43a wp-block-columns-is-layout-flex\">\n<div class=\"wp-block-column is-vertically-aligned-center is-layout-flow wp-block-column-is-layout-flow\">\n<div class=\"wp-block-cover is-light wp-duotone-unset-1\" style=\"border-top-left-radius:10px;border-top-right-radius:10px;border-bottom-left-radius:10px;border-bottom-right-radius:10px;margin-top:var(--wp--preset--spacing--10);margin-bottom:var(--wp--preset--spacing--10);padding-top:0;padding-bottom:0;min-height:413px;aspect-ratio:unset;\"><img loading=\"lazy\" decoding=\"async\" width=\"1024\" height=\"683\" class=\"wp-block-cover__image-background wp-image-715 size-large\" alt=\"\" src=\"http:\/\/openscience.bc.cas.cz\/wp-content\/uploads\/2026\/03\/otevrena-fair-data-eng.png\" style=\"object-position:36% 36%\" data-object-fit=\"cover\" data-object-position=\"36% 36%\" srcset=\"https:\/\/openscience.bc.cas.cz\/wp-content\/uploads\/2026\/03\/otevrena-fair-data-eng.png 1536w, https:\/\/openscience.bc.cas.cz\/wp-content\/uploads\/2026\/03\/otevrena-fair-data-eng-300x200.png 300w, https:\/\/openscience.bc.cas.cz\/wp-content\/uploads\/2026\/03\/otevrena-fair-data-eng-1024x683.png 1024w, https:\/\/openscience.bc.cas.cz\/wp-content\/uploads\/2026\/03\/otevrena-fair-data-eng-768x512.png 768w, https:\/\/openscience.bc.cas.cz\/wp-content\/uploads\/2026\/03\/otevrena-fair-data-eng-18x12.png 18w\" sizes=\"auto, (max-width: 1024px) 100vw, 1024px\" \/><span aria-hidden=\"true\" class=\"wp-block-cover__background has-contrast-background-color has-background-dim-0 has-background-dim\"><\/span><div class=\"wp-block-cover__inner-container is-layout-flow wp-container-core-cover-is-layout-87cc5667 wp-block-cover-is-layout-flow\">\n<p><\/p>\n<\/div><\/div>\n<\/div>\n\n\n\n<div class=\"wp-block-column is-vertically-aligned-center is-layout-flow wp-block-column-is-layout-flow\">\n<div class=\"wp-block-columns is-layout-flex wp-container-core-columns-is-layout-28f84493 wp-block-columns-is-layout-flex\">\n<div class=\"wp-block-column is-layout-flow wp-block-column-is-layout-flow\">\n<p><strong>Open data<\/strong>&nbsp;is data that is publicly available online without any major restrictions. Users can freely download, reuse, combine with other data sets and distribute it. The ideal standard is that open data is also managed according to the FAIR principles. However, data that is not fully documented or structured according to FAIR can also be considered open if there is unrestricted access to it.&nbsp;<\/p>\n\n\n\n<p><strong>FAIR data<\/strong>&nbsp;is data that meets four key principles (read below). FAIR therefore refers to the way in which data is managed and documented. FAIR data can be publicly available, but this is not a condition: under certain circumstances, they can be FAIR even if access is restricted, for example for reasons of personal data protection, trade secrets, state security. technology transfer, etc.<\/p>\n<\/div>\n<\/div>\n<\/div>\n<\/div>\n<\/div>\n<\/main>\n\n\n\n<div class=\"wp-block-group has-global-padding is-layout-constrained wp-container-core-group-is-layout-0028ebca wp-block-group-is-layout-constrained\" style=\"padding-top:var(--wp--preset--spacing--50);padding-right:20px;padding-bottom:var(--wp--preset--spacing--50);padding-left:20px\">\n<h2 class=\"wp-block-heading has-text-align-center has-base-color has-text-color has-link-color wp-elements-155ce7022747338b15862e2158ce53f5\" style=\"font-size:clamp(20px, 1.25rem + ((1vw - 3.2px) * 1.463), 32px);\"><strong>4 PILLARS<\/strong><\/h2>\n\n\n\n<p class=\"has-text-align-center\"><\/p>\n\n\n\n<div class=\"wp-block-columns is-layout-flex wp-container-core-columns-is-layout-28f84493 wp-block-columns-is-layout-flex\">\n<div class=\"wp-block-column has-border-radius has-primary-background-color has-background is-layout-flow wp-block-column-is-layout-flow\" style=\"border-top-left-radius:10px;border-top-right-radius:10px;border-bottom-left-radius:10px;border-bottom-right-radius:10px;padding-top:var(--wp--preset--spacing--30);padding-right:var(--wp--preset--spacing--30);padding-bottom:var(--wp--preset--spacing--30);padding-left:var(--wp--preset--spacing--30)\">\n<figure class=\"wp-block-image aligncenter size-full has-custom-border image-has-background is-style-rounded wp-duotone-111111-429186-3 is-style-rounded--2\"><img loading=\"lazy\" decoding=\"async\" width=\"640\" height=\"640\" src=\"http:\/\/openscience.bc.cas.cz\/wp-content\/uploads\/2026\/03\/F.jpg\" alt=\"\" class=\"wp-image-735\" style=\"border-style:none;border-width:0px;border-radius:0px\" srcset=\"https:\/\/openscience.bc.cas.cz\/wp-content\/uploads\/2026\/03\/F.jpg 640w, https:\/\/openscience.bc.cas.cz\/wp-content\/uploads\/2026\/03\/F-300x300.jpg 300w, https:\/\/openscience.bc.cas.cz\/wp-content\/uploads\/2026\/03\/F-150x150.jpg 150w, https:\/\/openscience.bc.cas.cz\/wp-content\/uploads\/2026\/03\/F-12x12.jpg 12w\" sizes=\"auto, (max-width: 640px) 100vw, 640px\" \/><\/figure>\n\n\n\n<p class=\"has-text-align-center has-heading-text-color-color has-text-color has-link-color wp-elements-3c6244045700bc8cc4b60ad87b0d8e4e\" style=\"font-size:clamp(14px, 0.875rem + ((1vw - 3.2px) * 0.488), 18px);font-style:normal;font-weight:600\"><strong><strong><strong>Findable<\/strong><\/strong><\/strong><\/p>\n\n\n\n<p class=\"has-text-align-center\" style=\"font-size:clamp(14px, 0.875rem + ((1vw - 3.2px) * 0.244), 16px);line-height:1.6\">Provide persistent identifiers (DOI, Handle), a set of descriptive metadata, and indexing by a repository or catalogue. Metadata should be machine-readable. Benefit: others (including search engines and services) can find your data without having to contact the author.<\/p>\n<\/div>\n\n\n\n<div class=\"wp-block-column has-border-radius has-base-background-color has-background is-layout-flow wp-block-column-is-layout-flow\" style=\"border-top-left-radius:10px;border-top-right-radius:10px;border-bottom-left-radius:10px;border-bottom-right-radius:10px;padding-top:var(--wp--preset--spacing--30);padding-right:var(--wp--preset--spacing--30);padding-bottom:var(--wp--preset--spacing--30);padding-left:var(--wp--preset--spacing--30)\">\n<figure class=\"wp-block-image aligncenter size-full has-custom-border is-style-default image-has-background wp-duotone-111111-f9f9f9-4\"><img loading=\"lazy\" decoding=\"async\" width=\"640\" height=\"640\" src=\"http:\/\/openscience.bc.cas.cz\/wp-content\/uploads\/2026\/03\/A.jpg\" alt=\"\" class=\"wp-image-734\" style=\"border-style:none;border-width:0px;border-radius:0px\" srcset=\"https:\/\/openscience.bc.cas.cz\/wp-content\/uploads\/2026\/03\/A.jpg 640w, https:\/\/openscience.bc.cas.cz\/wp-content\/uploads\/2026\/03\/A-300x300.jpg 300w, https:\/\/openscience.bc.cas.cz\/wp-content\/uploads\/2026\/03\/A-150x150.jpg 150w, https:\/\/openscience.bc.cas.cz\/wp-content\/uploads\/2026\/03\/A-12x12.jpg 12w\" sizes=\"auto, (max-width: 640px) 100vw, 640px\" \/><\/figure>\n\n\n\n<p class=\"has-text-align-center has-heading-text-color-color has-text-color has-link-color wp-elements-11b3997980fd44ddef710c82e53d223a\" style=\"font-size:clamp(14px, 0.875rem + ((1vw - 3.2px) * 0.488), 18px);font-style:normal;font-weight:600\"><strong><strong>Accessible<\/strong><\/strong><\/p>\n\n\n\n<p class=\"has-text-align-center\" style=\"font-size:clamp(14px, 0.875rem + ((1vw - 3.2px) * 0.244), 16px);line-height:1.6\">Data should be accessible via an open protocol and free of charge. If data must remain restricted (e.g. due to commercial restrictions, GDPR, state security), metadata must be available and procedures for gaining access (request, embargo, contract) must be published.<\/p>\n<\/div>\n\n\n\n<div class=\"wp-block-column has-border-radius has-primary-background-color has-background is-layout-flow wp-block-column-is-layout-flow\" style=\"border-top-left-radius:10px;border-top-right-radius:10px;border-bottom-left-radius:10px;border-bottom-right-radius:10px;padding-top:var(--wp--preset--spacing--30);padding-right:var(--wp--preset--spacing--30);padding-bottom:var(--wp--preset--spacing--30);padding-left:var(--wp--preset--spacing--30)\">\n<figure class=\"wp-block-image aligncenter size-full has-custom-border is-style-default image-has-background wp-duotone-111111-429186-5\"><img loading=\"lazy\" decoding=\"async\" width=\"640\" height=\"640\" src=\"http:\/\/openscience.bc.cas.cz\/wp-content\/uploads\/2026\/03\/I.jpg\" alt=\"\" class=\"wp-image-736\" style=\"border-style:none;border-width:0px;border-radius:0px\" srcset=\"https:\/\/openscience.bc.cas.cz\/wp-content\/uploads\/2026\/03\/I.jpg 640w, https:\/\/openscience.bc.cas.cz\/wp-content\/uploads\/2026\/03\/I-300x300.jpg 300w, https:\/\/openscience.bc.cas.cz\/wp-content\/uploads\/2026\/03\/I-150x150.jpg 150w, https:\/\/openscience.bc.cas.cz\/wp-content\/uploads\/2026\/03\/I-12x12.jpg 12w\" sizes=\"auto, (max-width: 640px) 100vw, 640px\" \/><\/figure>\n\n\n\n<p class=\"has-text-align-center has-heading-text-color-color has-text-color has-link-color wp-elements-898e723666e43fad648ccff132db6155\" style=\"font-size:clamp(14px, 0.875rem + ((1vw - 3.2px) * 0.488), 18px);font-style:normal;font-weight:600\"><strong><strong>Interoperable<\/strong><\/strong><\/p>\n\n\n\n<p class=\"has-text-align-center\" style=\"font-size:clamp(14px, 0.875rem + ((1vw - 3.2px) * 0.244), 16px);line-height:1.6\">Use open, common formats, standardized vocabularies\/ontologies, and clearly defined metadata (disciplinary schemas where they exist). This allows the data to be combined with other datasets and used in further research<\/p>\n<\/div>\n\n\n\n<div class=\"wp-block-column has-border-radius has-base-background-color has-background is-layout-flow wp-block-column-is-layout-flow\" style=\"border-top-left-radius:10px;border-top-right-radius:10px;border-bottom-left-radius:10px;border-bottom-right-radius:10px;padding-top:var(--wp--preset--spacing--30);padding-right:var(--wp--preset--spacing--30);padding-bottom:var(--wp--preset--spacing--30);padding-left:var(--wp--preset--spacing--30)\">\n<figure class=\"wp-block-image aligncenter size-full has-custom-border is-style-default image-has-background wp-duotone-111111-f9f9f9-6\"><img loading=\"lazy\" decoding=\"async\" width=\"640\" height=\"640\" src=\"http:\/\/openscience.bc.cas.cz\/wp-content\/uploads\/2026\/03\/R.jpg\" alt=\"\" class=\"wp-image-737\" style=\"border-style:none;border-width:0px;border-radius:0px\" srcset=\"https:\/\/openscience.bc.cas.cz\/wp-content\/uploads\/2026\/03\/R.jpg 640w, https:\/\/openscience.bc.cas.cz\/wp-content\/uploads\/2026\/03\/R-300x300.jpg 300w, https:\/\/openscience.bc.cas.cz\/wp-content\/uploads\/2026\/03\/R-150x150.jpg 150w, https:\/\/openscience.bc.cas.cz\/wp-content\/uploads\/2026\/03\/R-12x12.jpg 12w\" sizes=\"auto, (max-width: 640px) 100vw, 640px\" \/><\/figure>\n\n\n\n<p class=\"has-text-align-center has-heading-text-color-color has-text-color has-link-color wp-elements-7487a4bc8a215aa3995b310676a36292\" style=\"font-size:clamp(14px, 0.875rem + ((1vw - 3.2px) * 0.488), 18px);font-style:normal;font-weight:600\"><strong>Reusable<\/strong><\/p>\n\n\n\n<p class=\"has-text-align-center\" style=\"font-size:clamp(14px, 0.875rem + ((1vw - 3.2px) * 0.244), 16px);line-height:1.6\">Provide full information about the origin of the data, collection methodology, version, quality, etc. Publish it with a clear and accessible license (e.g. CC-BY). Accurate and detailed documentation and appropriate licenses maximize the reusability of the data and thus the citation of your research.<\/p>\n<\/div>\n<\/div>\n<\/div>\n\n\n\n<figure class=\"wp-block-image aligncenter size-large\"><img loading=\"lazy\" decoding=\"async\" width=\"1024\" height=\"636\" src=\"http:\/\/openscience.bc.cas.cz\/wp-content\/uploads\/2026\/03\/FAIR-Data-eng.png\" alt=\"\" class=\"wp-image-746\" srcset=\"https:\/\/openscience.bc.cas.cz\/wp-content\/uploads\/2026\/03\/FAIR-Data-eng.png 721w, https:\/\/openscience.bc.cas.cz\/wp-content\/uploads\/2026\/03\/FAIR-Data-eng-300x225.png 300w, https:\/\/openscience.bc.cas.cz\/wp-content\/uploads\/2026\/03\/FAIR-Data-eng-16x12.png 16w\" sizes=\"auto, (max-width: 1024px) 100vw, 1024px\" \/><figcaption class=\"wp-element-caption\">https:\/\/www.ands.org.au\/working-with-data\/fairdata\/training<\/figcaption><\/figure>","protected":false},"excerpt":{"rendered":"<p>FAIR data jsou takov\u00e1 data, kter\u00e1 jsou navr\u017eena a zpracov\u00e1na tak, aby je bylo mo\u017en\u00e9 snadno&nbsp;naj\u00edt, p\u0159istupovat k nim, integrovat je s jin\u00fdmi daty a znovu pou\u017e\u00edt&nbsp;lidmi i po\u010d\u00edta\u010di. C\u00edlem FAIR nen\u00ed nutn\u011b \u201emaxim\u00e1ln\u00ed otev\u0159enost\u201c, ale zaji\u0161t\u011bn\u00ed, \u017ee data jsou hodnotn\u00e1 a pou\u017eiteln\u00e1 \u201eas open as possible, as closed as necessary\u201c. Dob\u0159e spravovan\u00e1 data nezvy\u0161uj\u00ed [&hellip;]<\/p>\n","protected":false},"author":1,"featured_media":0,"parent":139,"menu_order":0,"comment_status":"closed","ping_status":"closed","template":"","meta":{"footnotes":""},"class_list":["post-165","page","type-page","status-publish","hentry"],"_links":{"self":[{"href":"https:\/\/openscience.bc.cas.cz\/en\/wp-json\/wp\/v2\/pages\/165","targetHints":{"allow":["GET"]}}],"collection":[{"href":"https:\/\/openscience.bc.cas.cz\/en\/wp-json\/wp\/v2\/pages"}],"about":[{"href":"https:\/\/openscience.bc.cas.cz\/en\/wp-json\/wp\/v2\/types\/page"}],"author":[{"embeddable":true,"href":"https:\/\/openscience.bc.cas.cz\/en\/wp-json\/wp\/v2\/users\/1"}],"replies":[{"embeddable":true,"href":"https:\/\/openscience.bc.cas.cz\/en\/wp-json\/wp\/v2\/comments?post=165"}],"version-history":[{"count":42,"href":"https:\/\/openscience.bc.cas.cz\/en\/wp-json\/wp\/v2\/pages\/165\/revisions"}],"predecessor-version":[{"id":1039,"href":"https:\/\/openscience.bc.cas.cz\/en\/wp-json\/wp\/v2\/pages\/165\/revisions\/1039"}],"up":[{"embeddable":true,"href":"https:\/\/openscience.bc.cas.cz\/en\/wp-json\/wp\/v2\/pages\/139"}],"wp:attachment":[{"href":"https:\/\/openscience.bc.cas.cz\/en\/wp-json\/wp\/v2\/media?parent=165"}],"curies":[{"name":"wp","href":"https:\/\/api.w.org\/{rel}","templated":true}]}}