{"id":152,"date":"2026-03-06T09:48:06","date_gmt":"2026-03-06T09:48:06","guid":{"rendered":"http:\/\/openscience.bc.cas.cz\/?page_id=152"},"modified":"2026-03-27T13:41:44","modified_gmt":"2026-03-27T12:41:44","slug":"povinne-postupy-open-science","status":"publish","type":"page","link":"https:\/\/openscience.bc.cas.cz\/en\/open-science\/povinne-postupy-open-science\/","title":{"rendered":"Mandatory Open Science Procedures"},"content":{"rendered":"<main class=\"wp-block-cover is-light animated fadeInUp fast banner-section\" style=\"margin-top:0;margin-bottom:0;padding-top:var(--wp--preset--spacing--40);padding-bottom:var(--wp--preset--spacing--40);min-height:643px;aspect-ratio:unset;\"><img loading=\"lazy\" decoding=\"async\" width=\"1024\" height=\"683\" class=\"wp-block-cover__image-background wp-image-687 size-large\" alt=\"\" src=\"http:\/\/openscience.bc.cas.cz\/wp-content\/uploads\/2026\/03\/BC-LABORKA-77-1024x683.jpg\" data-object-fit=\"cover\" srcset=\"https:\/\/openscience.bc.cas.cz\/wp-content\/uploads\/2026\/03\/BC-LABORKA-77-1024x683.jpg 1024w, https:\/\/openscience.bc.cas.cz\/wp-content\/uploads\/2026\/03\/BC-LABORKA-77-300x200.jpg 300w, https:\/\/openscience.bc.cas.cz\/wp-content\/uploads\/2026\/03\/BC-LABORKA-77-768x512.jpg 768w, https:\/\/openscience.bc.cas.cz\/wp-content\/uploads\/2026\/03\/BC-LABORKA-77-1536x1024.jpg 1536w, https:\/\/openscience.bc.cas.cz\/wp-content\/uploads\/2026\/03\/BC-LABORKA-77-2048x1365.jpg 2048w, https:\/\/openscience.bc.cas.cz\/wp-content\/uploads\/2026\/03\/BC-LABORKA-77-18x12.jpg 18w\" sizes=\"auto, (max-width: 1024px) 100vw, 1024px\" \/><span aria-hidden=\"true\" class=\"wp-block-cover__background has-background-dim-70 has-background-dim wp-block-cover__gradient-background has-background-gradient\" style=\"background-color:#b9b6b7;background:linear-gradient(26deg,rgb(0,0,0) 0%,rgb(0,0,0) 47%,rgb(12,87,87) 100%)\"><\/span><div class=\"wp-block-cover__inner-container is-layout-flow wp-block-cover-is-layout-flow\">\n<main class=\"wp-block-group alignfull has-global-padding is-layout-constrained wp-container-core-group-is-layout-5a0bff97 wp-block-group-is-layout-constrained\" style=\"padding-top:var(--wp--preset--spacing--40);padding-right:20px;padding-bottom:var(--wp--preset--spacing--40);padding-left:20px\">\n<div class=\"wp-block-columns is-layout-flex wp-container-core-columns-is-layout-9fa5bd33 wp-block-columns-is-layout-flex\" style=\"padding-right:0;padding-left:0\">\n<div class=\"wp-block-column is-vertically-aligned-center is-layout-flow wp-block-column-is-layout-flow\">\n<p class=\"has-text-align-center has-primary-color has-text-color has-link-color wp-elements-ba48e8de697a7edb1ebea45f2337e000\"><strong><strong><strong><a href=\"https:\/\/www.bc.cas.cz\/cz\/\" target=\"_blank\" rel=\"noreferrer noopener\"><mark style=\"background-color:rgba(0, 0, 0, 0)\" class=\"has-inline-color has-primary-color\"><span style=\"text-decoration: underline;\">Biology Centre CAS<\/span><\/mark><\/a><\/strong><\/strong><\/strong><\/p>\n\n\n\n<h2 class=\"wp-block-heading has-text-align-center has-heading-text-color-color has-text-color has-link-color has-body-font-family wp-elements-01c096406f6c22a65b3336dd10f7901e\" style=\"font-size:clamp(27.894px, 1.743rem + ((1vw - 3.2px) * 2.452), 48px);font-style:normal;font-weight:600\">Mandatory Open Science Procedures<\/h2>\n\n\n\n<p class=\"has-text-align-center has-base-color has-text-color has-link-color wp-elements-5054da098c26c4b736ca7d938a9c8006\" style=\"font-size:clamp(14.642px, 0.915rem + ((1vw - 3.2px) * 0.897), 22px);\">in accordance with the grant providers<\/p>\n\n\n\n<div class=\"wp-block-buttons is-content-justification-center is-layout-flex wp-container-core-buttons-is-layout-06d4de86 wp-block-buttons-is-layout-flex\" style=\"margin-top:var(--wp--preset--spacing--30);margin-bottom:var(--wp--preset--spacing--30)\">\n<div class=\"wp-block-button\"><a class=\"wp-block-button__link has-heading-text-color-color has-text-color has-link-color wp-element-button\" href=\"#os-postupy\" style=\"border-style:none;border-width:0px\">More...<\/a><\/div>\n\n\n\n<div class=\"wp-block-button\"><a class=\"wp-block-button__link has-text-color has-background has-link-color has-border-color has-primary-border-color wp-element-button\" href=\"mailto:frantisek.vorel@bc.cas.cz\" style=\"border-width:1px;color:#ffffff;background-color:#ffffff00;padding-top:var(--wp--preset--spacing--10);padding-right:var(--wp--preset--spacing--30);padding-bottom:var(--wp--preset--spacing--10);padding-left:var(--wp--preset--spacing--30)\">Contact support<\/a><\/div>\n<\/div>\n<\/div>\n<\/div>\n<\/main>\n<\/div><\/main>\n\n\n\n<main id=\"os-postupy\" class=\"wp-block-group animated fadeInUp about-us-section has-contrast-background-color has-background has-global-padding is-layout-constrained wp-container-core-group-is-layout-322c0e5d wp-block-group-is-layout-constrained\" style=\"margin-top:0;margin-bottom:0;padding-top:var(--wp--preset--spacing--50);padding-right:0;padding-bottom:var(--wp--preset--spacing--50);padding-left:0\">\n<div class=\"wp-block-group is-layout-flow wp-block-group-is-layout-flow\" style=\"padding-right:25px;padding-left:25px\">\n<div class=\"wp-block-columns are-vertically-aligned-center is-layout-flex wp-container-core-columns-is-layout-7fc3d43a wp-block-columns-is-layout-flex\">\n<div class=\"wp-block-column is-vertically-aligned-center is-layout-flow wp-block-column-is-layout-flow\">\n<h2 class=\"wp-block-heading has-text-align-center consultingwp-sub-title\" style=\"font-size:clamp(20px, 1.25rem + ((1vw - 3.2px) * 1.463), 32px);\"><strong>Open Science procedures<\/strong><\/h2>\n\n\n\n<p class=\"consultingwp-sub-title\">Open Science practices are a standard part of the conditions of most national and international providers of public support. Grant agencies increasingly require that research data, publications and other results be managed transparently, shared in accordance with FAIR principles, and that researchers take an active approach to data management. Meeting these requirements has a direct impact on project assessment, its control, and also on budget possibilities. Open access to publications, the right choice of licenses or timely storage of data in a trusted repository are no longer recommendations, but mandatory parts of the project cycle.<\/p>\n\n\n\n<p>That is why we have prepared clear guides to open science practices in accordance with the rules of individual public research funding providers. We will be adding more guides over time. If you notice that one is missing, please do not hesitate to let us know.<\/p>\n\n\n\n<p>Each guide explains the specific requirements for open access and the handling of research data. This will help you avoid mistakes both during the project and in the final reporting. The goal is to provide a clear, practical, and actionable overview that will enable you to comply with open science rules correctly and with as little administrative burden as possible.<\/p>\n<\/div>\n<\/div>\n<\/div>\n<\/main>\n\n\n\n<div class=\"wp-block-group has-contrast-2-background-color has-background has-global-padding is-layout-constrained wp-block-group-is-layout-constrained\" style=\"margin-top:0;margin-bottom:0;padding-top:var(--wp--preset--spacing--50);padding-bottom:var(--wp--preset--spacing--50)\">\n<div class=\"wp-block-columns is-layout-flex wp-container-core-columns-is-layout-159f51c6 wp-block-columns-is-layout-flex\" style=\"margin-top:0\">\n<div class=\"wp-block-column is-vertically-aligned-bottom  has-hover-effect wow animate__animated animate__fadeInUp is-layout-flow wp-block-column-is-layout-flow\">\n<div class=\"wp-block-group has-primary-background-color has-background has-global-padding is-layout-constrained wp-container-core-group-is-layout-1131737d wp-block-group-is-layout-constrained\" style=\"border-top-left-radius:8px;border-top-right-radius:8px;border-bottom-left-radius:0px;border-bottom-right-radius:0px;margin-top:0;margin-bottom:0;padding-top:var(--wp--preset--spacing--20);padding-right:var(--wp--preset--spacing--20);padding-bottom:var(--wp--preset--spacing--20);padding-left:var(--wp--preset--spacing--20)\">\n<h2 class=\"wp-block-heading alignfull has-text-align-center has-base-2-color has-text-color has-link-color wp-elements-3507944574a33120b8a9e565d1050478\" style=\"font-size:clamp(15.747px, 0.984rem + ((1vw - 3.2px) * 1.006), 24px);font-style:normal;font-weight:700\">OP JAK<a href=\"https:\/\/bcav.sharepoint.com\/sites\/vize\/SitePages\/electronic-information-resources.aspx?ga=1#biologick%C3%A9-centrum\"><\/a><\/h2>\n<\/div>\n\n\n\n<div class=\"wp-block-group has-global-padding is-layout-constrained wp-block-group-is-layout-constrained\" style=\"border-bottom-left-radius:8px;border-bottom-right-radius:8px;margin-top:0;margin-bottom:0;padding-top:0;padding-bottom:var(--wp--preset--spacing--30)\">\n<div class=\"wp-block-cover wp-duotone-duotone-1\" style=\"min-height:520px;aspect-ratio:unset;\"><img loading=\"lazy\" decoding=\"async\" width=\"1024\" height=\"1024\" class=\"wp-block-cover__image-background wp-image-638\" alt=\"\" src=\"http:\/\/openscience.bc.cas.cz\/wp-content\/uploads\/2026\/03\/OP-JAK-obecne-1024x1024.png\" data-object-fit=\"cover\" srcset=\"https:\/\/openscience.bc.cas.cz\/wp-content\/uploads\/2026\/03\/OP-JAK-obecne-1024x1024.png 1024w, https:\/\/openscience.bc.cas.cz\/wp-content\/uploads\/2026\/03\/OP-JAK-obecne-300x300.png 300w, https:\/\/openscience.bc.cas.cz\/wp-content\/uploads\/2026\/03\/OP-JAK-obecne-150x150.png 150w, https:\/\/openscience.bc.cas.cz\/wp-content\/uploads\/2026\/03\/OP-JAK-obecne-768x768.png 768w, https:\/\/openscience.bc.cas.cz\/wp-content\/uploads\/2026\/03\/OP-JAK-obecne-12x12.png 12w, https:\/\/openscience.bc.cas.cz\/wp-content\/uploads\/2026\/03\/OP-JAK-obecne.png 1500w\" sizes=\"auto, (max-width: 1024px) 100vw, 1024px\" \/><span aria-hidden=\"true\" class=\"wp-block-cover__background has-background-dim\"><\/span><div class=\"wp-block-cover__inner-container is-layout-flow wp-block-cover-is-layout-flow\">\n<div class=\"wp-block-buttons is-content-justification-center is-layout-flex wp-container-core-buttons-is-layout-a89b3969 wp-block-buttons-is-layout-flex\">\n<div class=\"wp-block-button\"><a class=\"wp-block-button__link wp-element-button\" href=\"http:\/\/openscience.bc.cas.cz\/wp-content\/uploads\/2026\/03\/BC_TA-CR_Mandatory-open-science-procedures_v1.0_01_12_2025-1.pdf\" target=\"_blank\" rel=\"noreferrer noopener\"><strong><span style=\"text-decoration: underline;\">DOWNLOAD GUIDE<\/span><br><span style=\"text-decoration: underline;\">OP JAK for BC<\/span><\/strong><\/a><\/div>\n<\/div>\n\n\n\n<div class=\"wp-block-buttons is-content-justification-center is-layout-flex wp-container-core-buttons-is-layout-a89b3969 wp-block-buttons-is-layout-flex\">\n<div class=\"wp-block-button is-style-outline is-style-outline--1\"><a class=\"wp-block-button__link wp-element-button\" href=\"https:\/\/opjak.cz\/dokumenty\/otevrena-veda\/\" target=\"_blank\" rel=\"noreferrer noopener\"><span style=\"text-decoration: underline;\">Visit web<br>Open Science OP JAK<\/span><\/a><\/div>\n<\/div>\n<\/div><\/div>\n<\/div>\n<\/div>\n\n\n\n<div class=\"wp-block-column is-vertically-aligned-top wow animate__animated animate__fadeInUp has-hover-effect is-layout-flow wp-block-column-is-layout-flow\">\n<div class=\"wp-block-group has-button-hover-color-background-color has-background has-global-padding is-layout-constrained wp-container-core-group-is-layout-1131737d wp-block-group-is-layout-constrained\" style=\"border-top-left-radius:8px;border-top-right-radius:8px;border-bottom-left-radius:0px;border-bottom-right-radius:0px;margin-top:0;margin-bottom:0;padding-top:var(--wp--preset--spacing--20);padding-right:var(--wp--preset--spacing--20);padding-bottom:var(--wp--preset--spacing--20);padding-left:var(--wp--preset--spacing--20)\">\n<h2 class=\"wp-block-heading has-text-align-center has-base-2-color has-text-color has-link-color wp-elements-a49a68fa3a44ce778b0341345fed0458\" style=\"font-size:clamp(15.747px, 0.984rem + ((1vw - 3.2px) * 1.006), 24px);font-style:normal;font-weight:700\">TA CR<a href=\"https:\/\/bcav.sharepoint.com\/sites\/vize\/SitePages\/electronic-information-resources.aspx?ga=1#knihovna-av-%C4%8Dr\"><\/a><\/h2>\n<\/div>\n\n\n\n<div class=\"wp-block-group has-global-padding is-layout-constrained wp-block-group-is-layout-constrained\" style=\"border-bottom-left-radius:8px;border-bottom-right-radius:8px;margin-top:0;margin-bottom:0;padding-top:0;padding-bottom:var(--wp--preset--spacing--30)\">\n<div class=\"wp-block-cover wp-duotone-111111-515151-3\" style=\"margin-top:0;margin-bottom:0;min-height:520px;aspect-ratio:unset;\"><img loading=\"lazy\" decoding=\"async\" width=\"768\" height=\"768\" class=\"wp-block-cover__image-background wp-image-674 size-full\" alt=\"\" src=\"http:\/\/openscience.bc.cas.cz\/wp-content\/uploads\/2026\/03\/logo_TACR_zakl_cb_inv.png\" data-object-fit=\"cover\" srcset=\"https:\/\/openscience.bc.cas.cz\/wp-content\/uploads\/2026\/03\/logo_TACR_zakl_cb_inv.png 768w, https:\/\/openscience.bc.cas.cz\/wp-content\/uploads\/2026\/03\/logo_TACR_zakl_cb_inv-300x300.png 300w, https:\/\/openscience.bc.cas.cz\/wp-content\/uploads\/2026\/03\/logo_TACR_zakl_cb_inv-150x150.png 150w, https:\/\/openscience.bc.cas.cz\/wp-content\/uploads\/2026\/03\/logo_TACR_zakl_cb_inv-12x12.png 12w\" sizes=\"auto, (max-width: 768px) 100vw, 768px\" \/><span aria-hidden=\"true\" class=\"wp-block-cover__background has-background-dim\"><\/span><div class=\"wp-block-cover__inner-container is-layout-flow wp-container-core-cover-is-layout-136021c2 wp-block-cover-is-layout-flow\">\n<div class=\"wp-block-buttons is-content-justification-center is-layout-flex wp-container-core-buttons-is-layout-a89b3969 wp-block-buttons-is-layout-flex\">\n<div class=\"wp-block-button\"><a class=\"wp-block-button__link has-body-font-family wp-element-button\" href=\"http:\/\/openscience.bc.cas.cz\/wp-content\/uploads\/2026\/03\/BC_TA-CR_Mandatory-open-science-procedures_v1.0_01_12_2025-1.pdf\" target=\"_blank\" rel=\"noreferrer noopener\"><strong><span style=\"text-decoration: underline;\">DOWNLOAD GUIDE<\/span><br><span style=\"text-decoration: underline;\">TA CR for BC<\/span><\/strong><\/a><\/div>\n<\/div>\n\n\n\n<div class=\"wp-block-buttons is-content-justification-center is-layout-flex wp-container-core-buttons-is-layout-a89b3969 wp-block-buttons-is-layout-flex\">\n<div class=\"wp-block-button is-style-outline is-style-outline--2\"><a class=\"wp-block-button__link wp-element-button\" href=\"https:\/\/tacr.gov.cz\/dokumenty\/research-data-and-open-access-to-outputs-results-5\" target=\"_blank\" rel=\"noreferrer noopener\"><span style=\"text-decoration: underline;\">Visit web<br>Open Science TA CR<\/span><\/a><\/div>\n<\/div>\n<\/div><\/div>\n<\/div>\n<\/div>\n<\/div>\n\n\n\n<div class=\"wp-block-columns is-layout-flex wp-container-core-columns-is-layout-159f51c6 wp-block-columns-is-layout-flex\" style=\"margin-top:0\">\n<div class=\"wp-block-column is-vertically-aligned-bottom  has-hover-effect wow animate__animated animate__fadeInUp is-layout-flow wp-block-column-is-layout-flow\">\n<div class=\"wp-block-group has-primary-background-color has-background has-global-padding is-layout-constrained wp-container-core-group-is-layout-1131737d wp-block-group-is-layout-constrained\" style=\"border-top-left-radius:8px;border-top-right-radius:8px;border-bottom-left-radius:0px;border-bottom-right-radius:0px;margin-top:0;margin-bottom:0;padding-top:var(--wp--preset--spacing--20);padding-right:var(--wp--preset--spacing--20);padding-bottom:var(--wp--preset--spacing--20);padding-left:var(--wp--preset--spacing--20)\">\n<h2 class=\"wp-block-heading alignfull has-text-align-center has-base-2-color has-text-color has-link-color wp-elements-13cb4249bbce539db920cd7a4a5e6e8c\" style=\"font-size:clamp(15.747px, 0.984rem + ((1vw - 3.2px) * 1.006), 24px);font-style:normal;font-weight:700\">Czech Science Foundation<a href=\"https:\/\/bcav.sharepoint.com\/sites\/vize\/SitePages\/electronic-information-resources.aspx?ga=1#biologick%C3%A9-centrum\"><\/a><\/h2>\n<\/div>\n\n\n\n<div class=\"wp-block-group has-global-padding is-layout-constrained wp-block-group-is-layout-constrained\" style=\"border-bottom-left-radius:8px;border-bottom-right-radius:8px;margin-top:0;margin-bottom:0;padding-top:0;padding-bottom:var(--wp--preset--spacing--30)\">\n<div class=\"wp-block-cover wp-duotone-111111-515151-5\" style=\"min-height:520px;aspect-ratio:unset;\"><img loading=\"lazy\" decoding=\"async\" width=\"800\" height=\"800\" class=\"wp-block-cover__image-background wp-image-672 size-full\" alt=\"\" src=\"http:\/\/openscience.bc.cas.cz\/wp-content\/uploads\/2026\/03\/GACR-bw.jpg\" data-object-fit=\"cover\" srcset=\"https:\/\/openscience.bc.cas.cz\/wp-content\/uploads\/2026\/03\/GACR-bw.jpg 800w, https:\/\/openscience.bc.cas.cz\/wp-content\/uploads\/2026\/03\/GACR-bw-300x300.jpg 300w, https:\/\/openscience.bc.cas.cz\/wp-content\/uploads\/2026\/03\/GACR-bw-150x150.jpg 150w, https:\/\/openscience.bc.cas.cz\/wp-content\/uploads\/2026\/03\/GACR-bw-768x768.jpg 768w, https:\/\/openscience.bc.cas.cz\/wp-content\/uploads\/2026\/03\/GACR-bw-12x12.jpg 12w\" sizes=\"auto, (max-width: 800px) 100vw, 800px\" \/><span aria-hidden=\"true\" class=\"wp-block-cover__background has-background-dim\"><\/span><div class=\"wp-block-cover__inner-container is-layout-flow wp-block-cover-is-layout-flow\">\n<div class=\"wp-block-buttons is-content-justification-center is-layout-flex wp-container-core-buttons-is-layout-a89b3969 wp-block-buttons-is-layout-flex\">\n<div class=\"wp-block-button\"><a class=\"wp-block-button__link wp-element-button\" href=\"http:\/\/openscience.bc.cas.cz\/wp-content\/uploads\/2026\/03\/BC_TA-CR_Mandatory-open-science-procedures_v1.0_01_12_2025-1.pdf\" target=\"_blank\" rel=\"noreferrer noopener\"><strong><span style=\"text-decoration: underline;\">DOWNLOAD GUIDE<\/span><br><span style=\"text-decoration: underline;\">CSF for BC<\/span><\/strong><\/a><\/div>\n<\/div>\n\n\n\n<div class=\"wp-block-buttons is-content-justification-center is-layout-flex wp-container-core-buttons-is-layout-a89b3969 wp-block-buttons-is-layout-flex\">\n<div class=\"wp-block-button is-style-outline is-style-outline--4\"><a class=\"wp-block-button__link wp-element-button\" href=\"https:\/\/gacr.cz\/ga-cr-a-otevrena-veda\/\" target=\"_blank\" rel=\"noreferrer noopener\"><span style=\"text-decoration: underline;\">Visit web<br>Open Science CSF<\/span><\/a><\/div>\n<\/div>\n<\/div><\/div>\n<\/div>\n<\/div>\n\n\n\n<div class=\"wp-block-column is-vertically-aligned-top wow animate__animated animate__fadeInUp has-hover-effect is-layout-flow wp-block-column-is-layout-flow\">\n<div class=\"wp-block-group has-button-hover-color-background-color has-background has-global-padding is-layout-constrained wp-container-core-group-is-layout-1131737d wp-block-group-is-layout-constrained\" style=\"border-top-left-radius:8px;border-top-right-radius:8px;border-bottom-left-radius:0px;border-bottom-right-radius:0px;margin-top:0;margin-bottom:0;padding-top:var(--wp--preset--spacing--20);padding-right:var(--wp--preset--spacing--20);padding-bottom:var(--wp--preset--spacing--20);padding-left:var(--wp--preset--spacing--20)\">\n<h2 class=\"wp-block-heading has-text-align-center has-base-2-color has-text-color has-link-color wp-elements-01e3b6ca2d037a43e9c212904eade331\" style=\"font-size:clamp(15.747px, 0.984rem + ((1vw - 3.2px) * 1.006), 24px);font-style:normal;font-weight:700\">Horizon Europe \/ ERC<a href=\"https:\/\/bcav.sharepoint.com\/sites\/vize\/SitePages\/electronic-information-resources.aspx?ga=1#knihovna-av-%C4%8Dr\"><\/a><\/h2>\n<\/div>\n\n\n\n<div class=\"wp-block-group has-global-padding is-layout-constrained wp-block-group-is-layout-constrained\" style=\"border-bottom-left-radius:8px;border-bottom-right-radius:8px;margin-top:0;margin-bottom:0;padding-top:0;padding-bottom:var(--wp--preset--spacing--30)\">\n<div class=\"wp-block-cover wp-duotone-111111-515151-8\" style=\"min-height:520px;aspect-ratio:unset;\"><img loading=\"lazy\" decoding=\"async\" width=\"563\" height=\"563\" class=\"wp-block-cover__image-background wp-image-679 size-full\" alt=\"\" src=\"http:\/\/openscience.bc.cas.cz\/wp-content\/uploads\/2026\/03\/horizon-europe-1.jpg\" data-object-fit=\"cover\" srcset=\"https:\/\/openscience.bc.cas.cz\/wp-content\/uploads\/2026\/03\/horizon-europe-1.jpg 563w, https:\/\/openscience.bc.cas.cz\/wp-content\/uploads\/2026\/03\/horizon-europe-1-300x300.jpg 300w, https:\/\/openscience.bc.cas.cz\/wp-content\/uploads\/2026\/03\/horizon-europe-1-150x150.jpg 150w, https:\/\/openscience.bc.cas.cz\/wp-content\/uploads\/2026\/03\/horizon-europe-1-12x12.jpg 12w\" sizes=\"auto, (max-width: 563px) 100vw, 563px\" \/><span aria-hidden=\"true\" class=\"wp-block-cover__background has-background-dim\"><\/span><div class=\"wp-block-cover__inner-container is-layout-flow wp-block-cover-is-layout-flow\">\n<div class=\"wp-block-buttons is-content-justification-center is-layout-flex wp-container-core-buttons-is-layout-a89b3969 wp-block-buttons-is-layout-flex\">\n<div class=\"wp-block-button\"><a class=\"wp-block-button__link wp-element-button\" href=\"http:\/\/openscience.bc.cas.cz\/wp-content\/uploads\/2026\/03\/Open-Science-in-Horizon-Europe.pdf\" target=\"_blank\" rel=\"noreferrer noopener\"><strong><span style=\"text-decoration: underline;\">DOWNLOAD HANDBOOK<\/span><br><span style=\"text-decoration: underline;\">OPEN SCIENCE<\/span><\/strong><\/a><\/div>\n<\/div>\n\n\n\n<div class=\"wp-block-buttons is-content-justification-center is-layout-flex wp-container-core-buttons-is-layout-a89b3969 wp-block-buttons-is-layout-flex\">\n<div class=\"wp-block-button is-style-outline is-style-outline--6\"><a class=\"wp-block-button__link wp-element-button\" href=\"https:\/\/rea.ec.europa.eu\/open-science_en#open-science-in-horizon-europe\" target=\"_blank\" rel=\"noreferrer noopener\"><span style=\"text-decoration: underline;\">Visit web<br>Open Science HE<\/span><\/a><\/div>\n<\/div>\n\n\n\n<div class=\"wp-block-buttons is-content-justification-center is-layout-flex wp-container-core-buttons-is-layout-a89b3969 wp-block-buttons-is-layout-flex\">\n<div class=\"wp-block-button is-style-outline is-style-outline--7\"><a class=\"wp-block-button__link wp-element-button\" href=\"https:\/\/erc.europa.eu\/manage-your-project\/open-science\" target=\"_blank\" rel=\"noreferrer noopener\"><span style=\"text-decoration: underline;\">Visit web<br>Open Science ERC<\/span><\/a><\/div>\n<\/div>\n<\/div><\/div>\n<\/div>\n<\/div>\n<\/div>\n<\/div>","protected":false},"excerpt":{"rendered":"<p>Open Science postupy jsou standardn\u00ed sou\u010d\u00e1st\u00ed podm\u00ednek v\u011bt\u0161iny n\u00e1rodn\u00edch i mezin\u00e1rodn\u00edch poskytovatel\u016f ve\u0159ejn\u00e9 podpory. Grantov\u00e9 agentury st\u00e1le \u010dast\u011bji po\u017eaduj\u00ed, aby v\u00fdzkumn\u00e1 data, publikace a dal\u0161\u00ed v\u00fdsledky byly spravov\u00e1ny transparentn\u011b, sd\u00edleny v souladu s FAIR principy, a aby v\u00fdzkumn\u00edci ke spr\u00e1v\u011b dat p\u0159istupovali aktivn\u011b. Spln\u011bn\u00ed t\u011bchto po\u017eadavk\u016f m\u00e1 p\u0159\u00edm\u00fd dopad jak na posouzen\u00ed projektu, jeho kontrolu, [&hellip;]<\/p>\n","protected":false},"author":1,"featured_media":0,"parent":35,"menu_order":0,"comment_status":"closed","ping_status":"closed","template":"","meta":{"footnotes":""},"class_list":["post-152","page","type-page","status-publish","hentry"],"_links":{"self":[{"href":"https:\/\/openscience.bc.cas.cz\/en\/wp-json\/wp\/v2\/pages\/152","targetHints":{"allow":["GET"]}}],"collection":[{"href":"https:\/\/openscience.bc.cas.cz\/en\/wp-json\/wp\/v2\/pages"}],"about":[{"href":"https:\/\/openscience.bc.cas.cz\/en\/wp-json\/wp\/v2\/types\/page"}],"author":[{"embeddable":true,"href":"https:\/\/openscience.bc.cas.cz\/en\/wp-json\/wp\/v2\/users\/1"}],"replies":[{"embeddable":true,"href":"https:\/\/openscience.bc.cas.cz\/en\/wp-json\/wp\/v2\/comments?post=152"}],"version-history":[{"count":40,"href":"https:\/\/openscience.bc.cas.cz\/en\/wp-json\/wp\/v2\/pages\/152\/revisions"}],"predecessor-version":[{"id":1008,"href":"https:\/\/openscience.bc.cas.cz\/en\/wp-json\/wp\/v2\/pages\/152\/revisions\/1008"}],"up":[{"embeddable":true,"href":"https:\/\/openscience.bc.cas.cz\/en\/wp-json\/wp\/v2\/pages\/35"}],"wp:attachment":[{"href":"https:\/\/openscience.bc.cas.cz\/en\/wp-json\/wp\/v2\/media?parent=152"}],"curies":[{"name":"wp","href":"https:\/\/api.w.org\/{rel}","templated":true}]}}