{"id":149,"date":"2026-03-06T09:44:18","date_gmt":"2026-03-06T09:44:18","guid":{"rendered":"http:\/\/openscience.bc.cas.cz\/?page_id=149"},"modified":"2026-03-30T09:00:59","modified_gmt":"2026-03-30T07:00:59","slug":"open-access","status":"publish","type":"page","link":"https:\/\/openscience.bc.cas.cz\/en\/open-science\/open-access\/","title":{"rendered":"Open Access"},"content":{"rendered":"<main class=\"wp-block-cover is-light animated fadeInUp fast banner-section\" style=\"margin-top:0;margin-bottom:0;padding-top:var(--wp--preset--spacing--40);padding-bottom:var(--wp--preset--spacing--40);min-height:643px;aspect-ratio:unset;\"><img loading=\"lazy\" decoding=\"async\" width=\"1024\" height=\"681\" class=\"wp-block-cover__image-background wp-image-898 size-large\" alt=\"\" src=\"http:\/\/openscience.bc.cas.cz\/wp-content\/uploads\/2026\/03\/kriemer-castle-1290860-1-1024x681.jpg\" data-object-fit=\"cover\" srcset=\"https:\/\/openscience.bc.cas.cz\/wp-content\/uploads\/2026\/03\/kriemer-castle-1290860-1-1024x681.jpg 1024w, https:\/\/openscience.bc.cas.cz\/wp-content\/uploads\/2026\/03\/kriemer-castle-1290860-1-300x199.jpg 300w, https:\/\/openscience.bc.cas.cz\/wp-content\/uploads\/2026\/03\/kriemer-castle-1290860-1-768x511.jpg 768w, https:\/\/openscience.bc.cas.cz\/wp-content\/uploads\/2026\/03\/kriemer-castle-1290860-1-1536x1021.jpg 1536w, https:\/\/openscience.bc.cas.cz\/wp-content\/uploads\/2026\/03\/kriemer-castle-1290860-1-2048x1362.jpg 2048w, https:\/\/openscience.bc.cas.cz\/wp-content\/uploads\/2026\/03\/kriemer-castle-1290860-1-18x12.jpg 18w\" sizes=\"auto, (max-width: 1024px) 100vw, 1024px\" \/><span aria-hidden=\"true\" class=\"wp-block-cover__background has-background-dim-70 has-background-dim wp-block-cover__gradient-background has-background-gradient\" style=\"background-color:#b9b6b7;background:linear-gradient(26deg,rgb(0,0,0) 0%,rgb(0,0,0) 47%,rgb(12,87,87) 100%)\"><\/span><div class=\"wp-block-cover__inner-container is-layout-flow wp-block-cover-is-layout-flow\">\n<main class=\"wp-block-group alignfull has-global-padding is-layout-constrained wp-container-core-group-is-layout-5a0bff97 wp-block-group-is-layout-constrained\" style=\"padding-top:var(--wp--preset--spacing--40);padding-right:20px;padding-bottom:var(--wp--preset--spacing--40);padding-left:20px\">\n<div class=\"wp-block-columns is-layout-flex wp-container-core-columns-is-layout-9fa5bd33 wp-block-columns-is-layout-flex\" style=\"padding-right:0;padding-left:0\">\n<div class=\"wp-block-column is-vertically-aligned-center is-layout-flow wp-block-column-is-layout-flow\">\n<p class=\"has-text-align-center\"><strong><strong><strong><strong><strong><strong><strong><strong><a href=\"https:\/\/www.bc.cas.cz\/cz\/\" target=\"_blank\" rel=\"noreferrer noopener\"><mark style=\"background-color:rgba(0, 0, 0, 0)\" class=\"has-inline-color has-primary-color\"><span style=\"text-decoration: underline;\"><strong><strong><a href=\"https:\/\/www.bc.cas.cz\/cz\/\" target=\"_blank\" rel=\"noreferrer noopener\"><mark style=\"background-color:rgba(0, 0, 0, 0)\" class=\"has-inline-color has-primary-color\"><span style=\"text-decoration: underline;\"><strong><strong><a href=\"https:\/\/www.bc.cas.cz\/cz\/\" target=\"_blank\" rel=\"noreferrer noopener\"><mark style=\"background-color:rgba(0, 0, 0, 0)\" class=\"has-inline-color has-primary-color\"><span style=\"text-decoration: underline;\">Biology Centre CAS<\/span><\/mark><\/a><\/strong><\/strong><\/span><\/mark><\/a><\/strong><\/strong><\/span><\/mark><\/a><\/strong><\/strong><\/strong><\/strong><\/strong><\/strong><\/strong><\/strong><\/p>\n\n\n\n<h2 class=\"wp-block-heading has-text-align-center has-heading-text-color-color has-text-color has-link-color has-body-font-family wp-elements-f1d73f0b07f99ac2eb67c679c149a178\" style=\"font-size:clamp(27.894px, 1.743rem + ((1vw - 3.2px) * 2.452), 48px);font-style:normal;font-weight:600\">Open Access<\/h2>\n\n\n\n<p class=\"has-text-align-center has-base-color has-text-color has-link-color wp-elements-d94264f17669b83b3f150322e7afa234\" style=\"font-size:clamp(14px, 0.875rem + ((1vw - 3.2px) * 0.244), 16px);\">Open Access (OA) means free, immediate, and permanent online access to the results of scientific research without financial or technical barriers. The goal is to ensure that scientific articles, data, and other outputs are accessible and reusable, while respecting copyright and contractual terms.<\/p>\n\n\n\n<div class=\"wp-block-buttons is-content-justification-center is-layout-flex wp-container-core-buttons-is-layout-06d4de86 wp-block-buttons-is-layout-flex\" style=\"margin-top:var(--wp--preset--spacing--30);margin-bottom:var(--wp--preset--spacing--30)\">\n<div class=\"wp-block-button\"><a class=\"wp-block-button__link has-heading-text-color-color has-text-color has-link-color wp-element-button\" href=\"#OA\" style=\"border-style:none;border-width:0px\">OA Publishing<\/a><\/div>\n\n\n\n<div class=\"wp-block-button\"><a class=\"wp-block-button__link has-text-color has-background has-link-color has-border-color has-primary-border-color wp-element-button\" href=\"http:\/\/openscience.bc.cas.cz\/en\/podpora-publikovani\/\" style=\"border-width:1px;color:#ffffff;background-color:#ffffff00;padding-top:var(--wp--preset--spacing--10);padding-right:var(--wp--preset--spacing--30);padding-bottom:var(--wp--preset--spacing--10);padding-left:var(--wp--preset--spacing--30)\">Support for OA Publishing at BC<\/a><\/div>\n<\/div>\n<\/div>\n<\/div>\n<\/main>\n<\/div><\/main>\n\n\n\n<div class=\"wp-block-group has-global-padding is-layout-constrained wp-container-core-group-is-layout-0028ebca wp-block-group-is-layout-constrained\" style=\"padding-top:var(--wp--preset--spacing--50);padding-right:20px;padding-bottom:var(--wp--preset--spacing--50);padding-left:20px\">\n<h2 class=\"wp-block-heading has-text-align-center\" style=\"border-style:none;border-width:0px;font-size:clamp(20px, 1.25rem + ((1vw - 3.2px) * 1.463), 32px);\"><strong>Basic Principles of Open Access<\/strong><\/h2>\n\n\n\n<div class=\"wp-block-columns is-layout-flex wp-container-core-columns-is-layout-28f84493 wp-block-columns-is-layout-flex\">\n<div class=\"wp-block-column has-border-radius has-primary-background-color has-background is-layout-flow wp-block-column-is-layout-flow\" style=\"border-top-left-radius:10px;border-top-right-radius:10px;border-bottom-left-radius:10px;border-bottom-right-radius:10px;padding-top:var(--wp--preset--spacing--30);padding-right:var(--wp--preset--spacing--30);padding-bottom:var(--wp--preset--spacing--30);padding-left:var(--wp--preset--spacing--30)\">\n<figure class=\"wp-block-image aligncenter size-full has-custom-border is-style-default image-has-background wp-duotone-rgb255255255-ccc-1\"><img decoding=\"async\" src=\"http:\/\/openscience.bc.cas.cz\/wp-content\/themes\/consultingwp\/assets\/images\/users.png\" alt=\"\" class=\"wp-image-13047\" style=\"border-style:none;border-width:0px;border-radius:0px\"\/><\/figure>\n\n\n\n<p class=\"has-text-align-center has-heading-text-color-color has-text-color has-link-color wp-elements-d0e52295c314ff45927fcf8a6667ac11\" style=\"font-size:clamp(14px, 0.875rem + ((1vw - 3.2px) * 0.488), 18px);font-style:normal;font-weight:600\"><strong>Instant access<\/strong><\/p>\n\n\n\n<p class=\"has-text-align-center\" style=\"font-size:clamp(14px, 0.875rem + ((1vw - 3.2px) * 0.244), 16px);line-height:1.6\">No time embargo! If the result is freely available after a certain period of time (e.g., 6 months after publication), it is not Open Access!<\/p>\n<\/div>\n\n\n\n<div class=\"wp-block-column has-border-radius has-primary-background-color has-background is-layout-flow wp-block-column-is-layout-flow\" style=\"border-top-left-radius:10px;border-top-right-radius:10px;border-bottom-left-radius:10px;border-bottom-right-radius:10px;padding-top:var(--wp--preset--spacing--30);padding-right:var(--wp--preset--spacing--30);padding-bottom:var(--wp--preset--spacing--30);padding-left:var(--wp--preset--spacing--30)\">\n<figure class=\"wp-block-image aligncenter size-full has-custom-border is-style-default image-has-background wp-duotone-rgb255255255-ccc-2\"><img decoding=\"async\" src=\"http:\/\/openscience.bc.cas.cz\/wp-content\/themes\/consultingwp\/assets\/images\/users.png\" alt=\"\" class=\"wp-image-13047\" style=\"border-style:none;border-width:0px;border-radius:0px\"\/><\/figure>\n\n\n\n<p class=\"has-text-align-center has-heading-text-color-color has-text-color has-link-color wp-elements-695361828530001288e0a59995800d26\" style=\"font-size:clamp(14px, 0.875rem + ((1vw - 3.2px) * 0.488), 18px);font-style:normal;font-weight:600\"><strong>Permanent access<\/strong><\/p>\n\n\n\n<p class=\"has-text-align-center\" style=\"font-size:clamp(14px, 0.875rem + ((1vw - 3.2px) * 0.244), 16px);line-height:1.6\">Access cannot be time-limited. It should be ensured on a permanent basis through long-term archiving (by the publisher or in a repository).<\/p>\n<\/div>\n\n\n\n<div class=\"wp-block-column has-border-radius has-primary-background-color has-background is-layout-flow wp-block-column-is-layout-flow\" style=\"border-top-left-radius:10px;border-top-right-radius:10px;border-bottom-left-radius:10px;border-bottom-right-radius:10px;padding-top:var(--wp--preset--spacing--30);padding-right:var(--wp--preset--spacing--30);padding-bottom:var(--wp--preset--spacing--30);padding-left:var(--wp--preset--spacing--30)\">\n<figure class=\"wp-block-image aligncenter size-full has-custom-border is-style-default image-has-background wp-duotone-rgb255255255-ccc-3\"><img decoding=\"async\" src=\"http:\/\/openscience.bc.cas.cz\/wp-content\/themes\/consultingwp\/assets\/images\/users.png\" alt=\"\" class=\"wp-image-13047\" style=\"border-style:none;border-width:0px;border-radius:0px\"\/><\/figure>\n\n\n\n<p class=\"has-text-align-center has-heading-text-color-color has-text-color has-link-color wp-elements-6f91df19969800ec10375932a2ffd9d9\" style=\"font-size:clamp(14px, 0.875rem + ((1vw - 3.2px) * 0.488), 18px);font-style:normal;font-weight:600\"><strong>Unlimited access<\/strong><\/p>\n\n\n\n<p class=\"has-text-align-center\" style=\"font-size:clamp(14px, 0.875rem + ((1vw - 3.2px) * 0.244), 16px);line-height:1.6\">Access should not be subject to restrictions on reuse (e.g., in further research), except for the requirement to credit the original author.<\/p>\n<\/div>\n\n\n\n<div class=\"wp-block-column has-border-radius has-primary-background-color has-background is-layout-flow wp-block-column-is-layout-flow\" style=\"border-top-left-radius:10px;border-top-right-radius:10px;border-bottom-left-radius:10px;border-bottom-right-radius:10px;padding-top:var(--wp--preset--spacing--30);padding-right:var(--wp--preset--spacing--30);padding-bottom:var(--wp--preset--spacing--30);padding-left:var(--wp--preset--spacing--30)\">\n<figure class=\"wp-block-image aligncenter size-full has-custom-border is-style-default image-has-background wp-duotone-rgb255255255-ccc-4\"><img decoding=\"async\" src=\"http:\/\/openscience.bc.cas.cz\/wp-content\/themes\/consultingwp\/assets\/images\/users.png\" alt=\"\" class=\"wp-image-13047\" style=\"border-style:none;border-width:0px;border-radius:0px\"\/><\/figure>\n\n\n\n<p class=\"has-text-align-center has-heading-text-color-color has-text-color has-link-color wp-elements-10d2195fa5847c1e6f38b09b12999e31\" style=\"font-size:clamp(14px, 0.875rem + ((1vw - 3.2px) * 0.488), 18px);font-style:normal;font-weight:600\"><strong><strong>Free access<\/strong><\/strong><\/p>\n\n\n\n<p class=\"has-text-align-center\" style=\"font-size:clamp(14px, 0.875rem + ((1vw - 3.2px) * 0.244), 16px);line-height:1.6\">End users have FREE access to the full text. Simply put, the payment shifts from the reader to the author or publisher.<\/p>\n<\/div>\n<\/div>\n<\/div>\n\n\n\n<main class=\"wp-block-cover has-parallax animated fadeInUp cta-section wp-duotone-unset-5\" style=\"margin-top:0;margin-bottom:0;padding-top:var(--wp--preset--spacing--50);padding-right:0;padding-bottom:var(--wp--preset--spacing--50);padding-left:0;min-height:648px;aspect-ratio:unset;\" id=\"OA\"><div class=\"wp-block-cover__image-background wp-image-898 size-large has-parallax\" style=\"background-position:50% 50%;background-image:url(http:\/\/openscience.bc.cas.cz\/wp-content\/uploads\/2026\/03\/kriemer-castle-1290860-1-1024x681.jpg)\"><\/div><span aria-hidden=\"true\" class=\"wp-block-cover__background has-background-dim-70 has-background-dim wp-block-cover__gradient-background has-background-gradient\" style=\"background:linear-gradient(26deg,rgb(0,0,0) 0%,rgb(0,0,0) 51%,rgb(12,87,87) 100%)\"><\/span><div class=\"wp-block-cover__inner-container has-global-padding is-layout-constrained wp-container-core-cover-is-layout-88e01626 wp-block-cover-is-layout-constrained\">\n<h2 class=\"wp-block-heading has-text-align-center\" style=\"font-size:clamp(20px, 1.25rem + ((1vw - 3.2px) * 1.463), 32px);\"><strong>Types of Open Access Publishing<\/strong><\/h2>\n\n\n\n<div class=\"wp-block-columns is-layout-flex wp-container-core-columns-is-layout-658170e2 wp-block-columns-is-layout-flex\">\n<div class=\"wp-block-column is-layout-flow wp-block-column-is-layout-flow\" style=\"padding-top:20px;padding-right:20px;padding-bottom:20px;padding-left:20px\">\n<p class=\"has-text-align-left has-accent-5-color has-text-color has-link-color wp-elements-2cb30aae42e2ac36d62368e589e7de51\" style=\"font-size:clamp(14px, 0.875rem + ((1vw - 3.2px) * 0.244), 16px);\">Open Access can apply to all types of research outputs, such as scholarly articles, monographs, conference papers, methodological guides, utility models, and research data. There are several publication models: Diamond\/Platinum, Gold, Green, and Hybrid.<\/p>\n\n\n\n<p class=\"has-text-align-left has-accent-5-color has-text-color has-link-color wp-elements-435b8877ebc07347835f2d122a3c5658\" style=\"font-size:clamp(14px, 0.875rem + ((1vw - 3.2px) * 0.244), 16px);\">Just a reminder: If you have a publicly funded project, certain Open Science rules definitely apply to you and your publications! In most cases, one of these is mandatory Open Access. You can find the terms and conditions of the most common providers in the section <a href=\"http:\/\/openscience.bc.cas.cz\/en\/open-science\/povinne-postupy-open-science\/\" data-type=\"page\" data-id=\"152\">Mandatory Open Science Procedures<\/a>.<\/p>\n\n\n\n<details class=\"wp-block-details has-border-color has-contrast-border-color has-contrast-2-background-color has-background is-layout-flow wp-container-core-details-is-layout-503327b0 wp-block-details-is-layout-flow\" style=\"border-width:1px;padding-top:var(--wp--preset--spacing--10);padding-right:var(--wp--preset--spacing--10);padding-bottom:var(--wp--preset--spacing--10);padding-left:var(--wp--preset--spacing--10);font-size:clamp(14px, 0.875rem + ((1vw - 3.2px) * 0.488), 18px);\"><summary>Diamond\/Platinum<a href=\"https:\/\/bcav.sharepoint.com\/sites\/vize\/SitePages\/electronic-information-resources.aspx?ga=1#biologick%C3%A9-centrum\"><\/a><\/summary>\n<p class=\"has-accent-5-color has-text-color has-link-color wp-elements-f269b75a635267741a61b8a80e1b377b\">The advantage of this type of publishing is that readers do not pay a subscription fee and authors do not pay a publication fee. It\u2019s simply free for both readers and authors. These types of journals are usually funded by academic institutions, professional societies, and to a lesser extent by the publishers themselves, etc. You can find an overview of diamond\/platinum journals in the <a href=\"https:\/\/doaj.org\/\" target=\"_blank\" rel=\"noreferrer noopener\">Directory of Open Access Journals<\/a>by checking the \u201cWithout fees\u201d filter. Or check out the <a href=\"https:\/\/edch.eu\/services\" target=\"_blank\" rel=\"noreferrer noopener\">European Diamond Capacity Hub<\/a>. Diamond\/platinum open access is the ideal standard. Unfortunately, the ideal is never easily achieved. Although the number of diamond journals is growing (over 14,000), there are still not many that are highly regarded.<\/p>\n<\/details>\n\n\n\n<details class=\"wp-block-details has-border-color has-contrast-border-color has-contrast-2-background-color has-background is-layout-flow wp-container-core-details-is-layout-503327b0 wp-block-details-is-layout-flow\" style=\"border-width:1px;padding-top:var(--wp--preset--spacing--10);padding-right:var(--wp--preset--spacing--10);padding-bottom:var(--wp--preset--spacing--10);padding-left:var(--wp--preset--spacing--10);font-size:clamp(14px, 0.875rem + ((1vw - 3.2px) * 0.488), 18px);\"><summary>Gold<a href=\"https:\/\/bcav.sharepoint.com\/sites\/vize\/SitePages\/electronic-information-resources.aspx?ga=1#knihovna-av-%C4%8Dr\"><\/a><\/summary>\n<p class=\"has-accent-5-color has-text-color has-link-color wp-elements-7fec38f9a9675659880bb26c28c879b0\">The Gold Road to Open Access. The published article is immediately, freely, and permanently available to anyone. The author bears the publication costs by paying an article processing charge (APC). Gold (sometimes also called full) OA journals are those that offer no other publication option besides Open Access. This distinguishes them from so-called hybrid journals.<\/p>\n\n\n\n<p>In the vast majority of cases, such a publication within a publicly funded project is a recognized indicator, and the publication fee is a recognized expense (of course, subject to the budget rules of the specific project).<\/p>\n\n\n\n<p>If you do not have project funding secured, you can obtain support from the Biology Centre to cover the APC:<\/p>\n\n\n\n<p class=\"has-accent-5-color has-text-color has-link-color wp-elements-6375a5dd754e7b25b82b3f4761db7f05\">1- You can use <a href=\"http:\/\/openscience.bc.cas.cz\/en\/podpora-publikovani\/open-access-tokeny\/\" data-type=\"page\" data-id=\"117\">Open Access tokens<\/a>. The BC has entered into so-called transformation agreements with several publishers. Thanks to these, you can obtain a token that will allow you to publish under the OA model completely FREE OF CHARGE. Of course, certain conditions must be met.<\/p>\n\n\n\n<p class=\"has-accent-5-color has-text-color has-link-color wp-elements-aa7c6b62916ab2bc109428167b531d3b\">2- Apply for up to 50% support to cover the APC through the <a href=\"http:\/\/openscience.bc.cas.cz\/en\/podpora-publikovani\/open-access-fond\/\" data-type=\"page\" data-id=\"123\">BC\u2019s OA fund<\/a>.<\/p>\n\n\n\n<p class=\"has-base-color has-text-color has-link-color wp-elements-d0b54deb9f603cae1a8303e931854a22\"><strong>NOTE: For most publicly funded projects, publishing in a GOLD OA journal is not sufficient to meet Open Access requirements. At the same time, the author must ensure that the postprint (Author Accepted Manuscript) or the publisher\u2019s version of the article (Version of Record) is archived in<\/strong> <strong>a trusted repository! <\/strong>You can find the exact conditions of the main funding agencies here: <a href=\"http:\/\/openscience.bc.cas.cz\/en\/open-science\/povinne-postupy-open-science\/\" data-type=\"page\" data-id=\"152\">Mandatory Open Science Procedures<\/a>.<\/p>\n\n\n\n<p class=\"has-accent-5-color has-text-color has-link-color wp-elements-11a0cb01bf510712ffc994a08245f4c6\"><\/p>\n<\/details>\n\n\n\n<details class=\"wp-block-details has-border-color has-contrast-border-color has-contrast-2-background-color has-background is-layout-flow wp-container-core-details-is-layout-503327b0 wp-block-details-is-layout-flow\" style=\"border-width:1px;padding-top:var(--wp--preset--spacing--10);padding-right:var(--wp--preset--spacing--10);padding-bottom:var(--wp--preset--spacing--10);padding-left:var(--wp--preset--spacing--10);font-size:clamp(14px, 0.875rem + ((1vw - 3.2px) * 0.488), 18px);\"><summary>Green<a href=\"https:\/\/bcav.sharepoint.com\/sites\/vize\/SitePages\/electronic-information-resources.aspx?ga=1#jiho%C4%8Desk%C3%A1-univerzita\"><\/a><\/summary>\n<p class=\"has-accent-5-color has-text-color has-link-color wp-elements-6b5f11ce882caf64614b2c83618c9254\">The Green Road operates on the basis of so-called self-archiving. You publish your article in a subscription-based journal (meaning you do not pay publication fees) and fulfill the Open Access requirements by simultaneously making the postprint \u2014 the accepted manuscript after peer review (without the publisher\u2019s layout) \u2014 publicly available via a repository.<\/p>\n\n\n\n<p class=\"has-base-color has-text-color has-link-color wp-elements-a43195575b899bd8b5e85efdf1961df2\">IMPORTANT: When using the green road, you must respect the publication agreement. It is the publisher who determines the conditions for self-archiving. Some journals only allow the publication of the postprint after a time embargo has expired (most often 6\u201324 months)! However, even the shortest time embargo does not meet grant requirements. There are also a number of top subscription journals that allow self-archiving without an embargo specifically to meet grant requirements. In such cases, simply send the grant terms to the publisher. You can find the publisher\u2019s self-archiving rules in the publication agreement, on the journal\u2019s\/publisher\u2019s website, or in the Open Policy Finder registry&nbsp;<a href=\"https:\/\/openpolicyfinder.jisc.ac.uk\/\" target=\"_blank\" rel=\"noreferrer noopener\">Open policy finder<\/a> (formerly SHERPA<strong> <\/strong>Romeo).<\/p>\n<\/details>\n\n\n\n<details class=\"wp-block-details has-border-color has-contrast-border-color has-contrast-2-background-color has-background is-layout-flow wp-container-core-details-is-layout-503327b0 wp-block-details-is-layout-flow\" style=\"border-width:1px;padding-top:var(--wp--preset--spacing--10);padding-right:var(--wp--preset--spacing--10);padding-bottom:var(--wp--preset--spacing--10);padding-left:var(--wp--preset--spacing--10);font-size:clamp(14px, 0.875rem + ((1vw - 3.2px) * 0.488), 18px);\"><summary>Hybrid<a href=\"https:\/\/bcav.sharepoint.com\/sites\/vize\/SitePages\/electronic-information-resources.aspx?ga=1#jiho%C4%8Desk%C3%A1-univerzita\"><\/a><\/summary>\n<p class=\"has-accent-5-color has-text-color has-link-color wp-elements-89fdf2a7c3f63a66b6fee48c5ac48cee\">This is not Open Access in the strict sense of the term, but rather a classification of journal types. Hybrid Open Access journals are those that allow authors to choose whether they wish to publish their work traditionally via subscription or via Open Access. In the first case, the author does not pay an APC, but the article will not be freely available to everyone, only to journal subscribers. In the second case, the author\/institution pays the APC, and the article becomes fully OA.<\/p>\n\n\n\n<p>In situations where the author chooses the OA publishing option, the article is an eligible indicator. Sometimes, of course, it is also an eligible project cost. NOTE: THIS DOES NOT APPLY TO HORIZON EUROPE: Costs associated with publishing in hybrid journals are not eligible in HE projects!<\/p>\n\n\n\n<p>If your costs for publishing under the OA model are not covered, but you still need to meet the grant\u2019s requirement for Open Science practices (immediate OA without a time embargo), you have two options:<\/p>\n\n\n\n<p class=\"wp-elements-295e67cc939b5e558fc91e21c6e452a0\" style=\"font-size:clamp(14px, 0.875rem + ((1vw - 3.2px) * 0.244), 16px);\">1- As with the gold route, BC has entered into so-called transformation agreements with several publishers. Thanks to these, you can obtain a token that will allow you to publish in OA mode completely FREE OF CHARGE. Of course, certain conditions must be met. You can read more about this option under <a href=\"http:\/\/openscience.bc.cas.cz\/en\/podpora-publikovani\/open-access-tokeny\/\" data-type=\"page\" data-id=\"117\">Open Access tokens<\/a>. However, support from the BC OA fund does not apply to hybrid journals!<\/p>\n\n\n\n<p class=\"has-base-color has-text-color has-link-color wp-elements-d34a01e7432c3cf8f4c62d965c23dc41\"><strong>PLEASE NOTE: For most publicly funded projects, publishing in a hybrid journal under an Open Access model is not sufficient to meet Open Access requirements. Authors must also ensure that the postprint (Author-Accepted Manuscript) or the publisher\u2019s version of the article (Version of Record) is deposited in<\/strong>&nbsp;<strong>a trusted repository! <\/strong><\/p>\n\n\n\n<p class=\"wp-elements-8533effc1531770f78c3de5def375f27\" style=\"font-size:clamp(14px, 0.875rem + ((1vw - 3.2px) * 0.244), 16px);\">2- Publish through a traditional subscription model. In this case, you can meet Open Science requirements by depositing a \u201cpostprint\u201d\u2014that is, your manuscript after incorporating comments from the peer review process, but without the publisher\u2019s graphics or layout\u2014in a trusted repository. For example, in ASEP, the institutional repository of the Czech Academy of Sciences.<\/p>\n\n\n\n<p class=\"wp-elements-ead3c5e564c19eaa02e9efd36481fc31\" style=\"font-size:clamp(14px, 0.875rem + ((1vw - 3.2px) * 0.244), 16px);\"><strong>PLEASE NOTE: The specific options for publishing a postprint are determined by the publisher, who, as part of their open access policy, specifies which version of the article may be published and under what conditions!<\/strong> You can find the self-archiving terms in your contract with the publisher, on the journal\u2019s or publisher\u2019s website, or in the&nbsp;<a href=\"https:\/\/openpolicyfinder.jisc.ac.uk\/\" target=\"_blank\" rel=\"noreferrer noopener\">Open policy finder<\/a> (formerly SHERPA<strong> <\/strong>Romeo).<\/p>\n<\/details>\n<\/div>\n<\/div>\n<\/div><\/main>","protected":false},"excerpt":{"rendered":"<p>Z\u00e1kladn\u00ed principy Open Access Okam\u017eit\u00fd p\u0159\u00edstup \u017d\u00e1dn\u00e9 \u010dasov\u00e9 embargo! Pokud je v\u00fdsledek voln\u011b dostupn\u00fd a\u017e po uplynut\u00ed ur\u010dit\u00e9 doby (nap\u0159. po 6&nbsp;m\u011bs\u00edc\u00edch od vyd\u00e1n\u00ed), nejde o Open Access! Trval\u00fd p\u0159\u00edstup P\u0159\u00edstup nem\u016f\u017ee b\u00fdt \u010dasov\u011b omezen. M\u011bl by b\u00fdt zaji\u0161t\u011bn trvale pomoc\u00ed dlouhodob\u00e9 archivace (vydavatele nebo v repozit\u00e1\u0159i). Neomezen\u00fd p\u0159\u00edstup P\u0159\u00edstup by nem\u011bl b\u00fdt podm\u00edn\u011bn omezen\u00edmi [&hellip;]<\/p>\n","protected":false},"author":1,"featured_media":0,"parent":35,"menu_order":0,"comment_status":"closed","ping_status":"closed","template":"","meta":{"footnotes":""},"class_list":["post-149","page","type-page","status-publish","hentry"],"_links":{"self":[{"href":"https:\/\/openscience.bc.cas.cz\/en\/wp-json\/wp\/v2\/pages\/149","targetHints":{"allow":["GET"]}}],"collection":[{"href":"https:\/\/openscience.bc.cas.cz\/en\/wp-json\/wp\/v2\/pages"}],"about":[{"href":"https:\/\/openscience.bc.cas.cz\/en\/wp-json\/wp\/v2\/types\/page"}],"author":[{"embeddable":true,"href":"https:\/\/openscience.bc.cas.cz\/en\/wp-json\/wp\/v2\/users\/1"}],"replies":[{"embeddable":true,"href":"https:\/\/openscience.bc.cas.cz\/en\/wp-json\/wp\/v2\/comments?post=149"}],"version-history":[{"count":61,"href":"https:\/\/openscience.bc.cas.cz\/en\/wp-json\/wp\/v2\/pages\/149\/revisions"}],"predecessor-version":[{"id":1013,"href":"https:\/\/openscience.bc.cas.cz\/en\/wp-json\/wp\/v2\/pages\/149\/revisions\/1013"}],"up":[{"embeddable":true,"href":"https:\/\/openscience.bc.cas.cz\/en\/wp-json\/wp\/v2\/pages\/35"}],"wp:attachment":[{"href":"https:\/\/openscience.bc.cas.cz\/en\/wp-json\/wp\/v2\/media?parent=149"}],"curies":[{"name":"wp","href":"https:\/\/api.w.org\/{rel}","templated":true}]}}