{"id":123,"date":"2026-03-06T09:10:58","date_gmt":"2026-03-06T09:10:58","guid":{"rendered":"http:\/\/openscience.bc.cas.cz\/?page_id=123"},"modified":"2026-04-09T12:01:41","modified_gmt":"2026-04-09T10:01:41","slug":"open-access-fond","status":"publish","type":"page","link":"https:\/\/openscience.bc.cas.cz\/en\/podpora-publikovani\/open-access-fond\/","title":{"rendered":"Open Access fund"},"content":{"rendered":"<main class=\"wp-block-cover animated fadeInUp fast banner-section\" style=\"margin-top:0;margin-bottom:0;padding-top:var(--wp--preset--spacing--40);padding-bottom:var(--wp--preset--spacing--40);min-height:654px;aspect-ratio:unset;\"><img loading=\"lazy\" decoding=\"async\" width=\"1920\" height=\"1280\" class=\"wp-block-cover__image-background wp-image-247 size-full\" alt=\"\" src=\"http:\/\/openscience.bc.cas.cz\/wp-content\/uploads\/2026\/03\/haalkab-door-1587863_1920.jpg\" data-object-fit=\"cover\" srcset=\"https:\/\/openscience.bc.cas.cz\/wp-content\/uploads\/2026\/03\/haalkab-door-1587863_1920.jpg 1920w, https:\/\/openscience.bc.cas.cz\/wp-content\/uploads\/2026\/03\/haalkab-door-1587863_1920-300x200.jpg 300w, https:\/\/openscience.bc.cas.cz\/wp-content\/uploads\/2026\/03\/haalkab-door-1587863_1920-1024x683.jpg 1024w, https:\/\/openscience.bc.cas.cz\/wp-content\/uploads\/2026\/03\/haalkab-door-1587863_1920-768x512.jpg 768w, https:\/\/openscience.bc.cas.cz\/wp-content\/uploads\/2026\/03\/haalkab-door-1587863_1920-1536x1024.jpg 1536w\" sizes=\"auto, (max-width: 1920px) 100vw, 1920px\" \/><span aria-hidden=\"true\" class=\"wp-block-cover__background has-background-dim-80 has-background-dim wp-block-cover__gradient-background has-background-gradient\" style=\"background:linear-gradient(26deg,rgb(0,0,0) 0%,rgb(0,0,0) 51%,rgb(66,145,134) 100%)\"><\/span><div class=\"wp-block-cover__inner-container is-layout-flow wp-block-cover-is-layout-flow\">\n<main class=\"wp-block-group alignfull has-global-padding is-layout-constrained wp-container-core-group-is-layout-5a0bff97 wp-block-group-is-layout-constrained\" style=\"padding-top:var(--wp--preset--spacing--40);padding-right:20px;padding-bottom:var(--wp--preset--spacing--40);padding-left:20px\">\n<div class=\"wp-block-columns is-layout-flex wp-container-core-columns-is-layout-9fa5bd33 wp-block-columns-is-layout-flex\" style=\"padding-right:0;padding-left:0\">\n<div class=\"wp-block-column is-vertically-aligned-center is-layout-flow wp-block-column-is-layout-flow\">\n<p class=\"has-text-align-center\"><strong><strong><a href=\"https:\/\/www.bc.cas.cz\/cz\/\" target=\"_blank\" rel=\"noreferrer noopener\"><mark style=\"background-color:rgba(0, 0, 0, 0)\" class=\"has-inline-color has-primary-color\"><span style=\"text-decoration: underline;\">Biology Centre CAS<\/span><\/mark><\/a><\/strong><\/strong><\/p>\n\n\n\n<h2 class=\"wp-block-heading has-text-align-center has-heading-text-color-color has-text-color has-link-color has-body-font-family wp-elements-46b864027a7e09369baf6c851c5631d7\" style=\"font-size:clamp(27.894px, 1.743rem + ((1vw - 3.2px) * 2.452), 48px);font-style:normal;font-weight:600\">Open Access publishing<\/h2>\n\n\n\n<h3 class=\"wp-block-heading has-text-align-center\"><strong><mark style=\"background-color:rgba(0, 0, 0, 0)\" class=\"has-inline-color has-base-2-color\">FUND<\/mark><\/strong><\/h3>\n\n\n\n<p class=\"has-text-align-center has-base-color has-text-color has-link-color wp-elements-385a09a01b3d4fa66ef0e4a5ec7d2779\" style=\"font-size:clamp(14px, 0.875rem + ((1vw - 3.2px) * 0.244), 16px);line-height:1.6\"><mark style=\"background-color:rgba(0, 0, 0, 0)\" class=\"has-inline-color has-base-color\">BC krom\u011b publika\u010dn\u00edch token\u016f podporuje Open Access publikov\u00e1n\u00ed prost\u0159ednictv\u00edm&nbsp;OA fondu&nbsp;\u0159editele BC. Auto\u0159i z<\/mark>&nbsp;<mark style=\"background-color:rgba(0, 0, 0, 0)\" class=\"has-inline-color has-base-color\">the Biology Centre can thus apply for a grant to cover up to 50%<\/mark>&nbsp;<mark style=\"background-color:rgba(0, 0, 0, 0)\" class=\"has-inline-color has-base-color\">p\u0159\u00edpadech, kdy nap\u0159. dan\u00fd \u010dasopis neumo\u017e\u0148uje vyu\u017e\u00edt&nbsp;zm\u00edn\u011bn\u00e9&nbsp;tokeny.<\/mark><\/p>\n\n\n\n<div class=\"wp-block-buttons is-content-justification-center is-layout-flex wp-container-core-buttons-is-layout-06d4de86 wp-block-buttons-is-layout-flex\" style=\"margin-top:var(--wp--preset--spacing--30);margin-bottom:var(--wp--preset--spacing--30)\">\n<div class=\"wp-block-button\"><a class=\"wp-block-button__link has-heading-text-color-color has-text-color has-link-color wp-element-button\" href=\"#oa-fond\" style=\"border-style:none;border-width:0px\">More...<\/a><\/div>\n\n\n\n<div class=\"wp-block-button\"><a class=\"wp-block-button__link has-text-color has-background has-link-color has-border-color has-primary-border-color wp-element-button\" href=\"mailto:frantisek.vorel@bc.cas.cz\" style=\"border-width:1px;color:#ffffff;background-color:#ffffff00;padding-top:var(--wp--preset--spacing--10);padding-right:var(--wp--preset--spacing--30);padding-bottom:var(--wp--preset--spacing--10);padding-left:var(--wp--preset--spacing--30)\">Contact support<\/a><\/div>\n<\/div>\n<\/div>\n<\/div>\n<\/main>\n<\/div><\/main>\n\n\n\n<main id=\"oa-fond\" class=\"wp-block-group animated fadeInUp service-section has-global-padding is-layout-constrained wp-container-core-group-is-layout-322c0e5d wp-block-group-is-layout-constrained\" style=\"margin-top:0;margin-bottom:0;padding-top:var(--wp--preset--spacing--50);padding-right:0;padding-bottom:var(--wp--preset--spacing--50);padding-left:0\">\n<div class=\"wp-block-group is-layout-flow wp-block-group-is-layout-flow\" style=\"padding-right:25px;padding-left:25px\">\n<div class=\"wp-block-columns is-layout-flex wp-container-core-columns-is-layout-69cf8084 wp-block-columns-is-layout-flex\" style=\"margin-top:var(--wp--preset--spacing--40)\">\n<div class=\"wp-block-column has-border-radius o-anim-hover has-background is-layout-flow wp-block-column-is-layout-flow\" style=\"background:linear-gradient(54deg,rgb(6,70,55) 0%,rgb(22,22,22) 100%);padding-top:20px;padding-right:20px;padding-bottom:20px;padding-left:20px\">\n<h2 class=\"wp-block-heading has-heading-text-color-color has-text-color has-link-color wp-elements-44335ababefafbe6fee3b3f6ff61dd8b\" style=\"font-size:clamp(14px, 0.875rem + ((1vw - 3.2px) * 0.488), 18px);font-style:normal;font-weight:600\">TOP15<\/h2>\n\n\n\n<p style=\"font-size:clamp(14px, 0.875rem + ((1vw - 3.2px) * 0.244), 16px);\">Only publications with an AIS score above 1.2 or in the top 15% will be supported.<\/p>\n<\/div>\n\n\n\n<div class=\"wp-block-column has-border-radius o-anim-hover has-background is-layout-flow wp-block-column-is-layout-flow\" style=\"background:linear-gradient(180deg,rgb(42,81,68) 0%,rgb(1,50,50) 100%);padding-top:20px;padding-right:20px;padding-bottom:20px;padding-left:20px\">\n<h2 class=\"wp-block-heading has-heading-text-color-color has-text-color has-link-color wp-elements-388a038fc32538b89a5e8788dcb34a5f\" style=\"font-size:clamp(14px, 0.875rem + ((1vw - 3.2px) * 0.488), 18px);font-style:normal;font-weight:600\">Corresponding Author<\/h2>\n\n\n\n<p style=\"font-size:clamp(14px, 0.875rem + ((1vw - 3.2px) * 0.244), 16px);\">The publication must be based on research conducted primarily at the Biology Centre (corresponding author employed at BC; exceptionally at least one of authors).<\/p>\n<\/div>\n\n\n\n<div class=\"wp-block-column has-border-radius o-anim-hover has-background is-layout-flow wp-block-column-is-layout-flow\" style=\"background:linear-gradient(51deg,rgb(33,128,91) 0%,rgb(42,81,68) 100%);padding-top:20px;padding-right:20px;padding-bottom:20px;padding-left:20px\">\n<h2 class=\"wp-block-heading has-heading-text-color-color has-text-color has-link-color wp-elements-e43cc9be5f892fa21407d592f724e84c\" style=\"font-size:clamp(14px, 0.875rem + ((1vw - 3.2px) * 0.488), 18px);font-style:normal;font-weight:600\">Q1<\/h2>\n\n\n\n<p style=\"font-size:clamp(14px, 0.875rem + ((1vw - 3.2px) * 0.244), 16px);\">The journal should be ranked in the first quartile in its field according to the Web of Science. Any exceptions must be approved by the BC Director.<\/p>\n<\/div>\n<\/div>\n\n\n\n<div class=\"wp-block-columns is-layout-flex wp-container-core-columns-is-layout-e27c1ab9 wp-block-columns-is-layout-flex\" style=\"margin-top:var(--wp--preset--spacing--10)\">\n<div class=\"wp-block-column has-border-radius has-background is-layout-flow wp-block-column-is-layout-flow\" style=\"background:linear-gradient(6deg,rgb(19,59,27) 0%,rgb(25,87,64) 100%);padding-top:20px;padding-right:20px;padding-bottom:20px;padding-left:20px\">\n<h2 class=\"wp-block-heading has-heading-text-color-color has-text-color has-link-color wp-elements-6388dae966897e141a8867ae46f5becc\" style=\"font-size:clamp(14px, 0.875rem + ((1vw - 3.2px) * 0.488), 18px);font-style:normal;font-weight:600\">50 %<\/h2>\n\n\n\n<p style=\"font-size:clamp(14px, 0.875rem + ((1vw - 3.2px) * 0.244), 16px);\">Authors may generally apply for funding from the Fund up to 50% of the costs invoiced to BC.<\/p>\n<\/div>\n\n\n\n<div class=\"wp-block-column has-border-radius has-background is-layout-flow wp-block-column-is-layout-flow\" style=\"background:linear-gradient(158deg,rgb(70,96,78) 12%,rgb(15,84,92) 100%);padding-top:20px;padding-right:20px;padding-bottom:20px;padding-left:20px\">\n<h2 class=\"wp-block-heading has-heading-text-color-color has-text-color has-link-color wp-elements-77f35367ac62dbbcf6e4ad3c4d66192c\" style=\"font-size:clamp(14px, 0.875rem + ((1vw - 3.2px) * 0.488), 18px);font-style:normal;font-weight:600\">Other funding<\/h2>\n\n\n\n<p style=\"font-size:clamp(14px, 0.875rem + ((1vw - 3.2px) * 0.244), 16px);\">Authors are required to indicate any support for publication costs obtained from other funds.<\/p>\n<\/div>\n\n\n\n<div class=\"wp-block-column has-border-radius has-background is-layout-flow wp-block-column-is-layout-flow\" style=\"background:linear-gradient(90deg,rgb(59,107,78) 0%,rgb(2,41,29) 100%);padding-top:20px;padding-right:20px;padding-bottom:20px;padding-left:20px\">\n<h2 class=\"wp-block-heading has-heading-text-color-color has-text-color has-link-color wp-elements-bbd7f9b2b9de5e064e03b42205bd4dba\" style=\"font-size:clamp(14px, 0.875rem + ((1vw - 3.2px) * 0.488), 18px);font-style:normal;font-weight:600\">Twice a year<\/h2>\n\n\n\n<p style=\"font-size:clamp(14px, 0.875rem + ((1vw - 3.2px) * 0.244), 16px);\">A particular team of authors may receive the support from the Fund no more than twice in a given calendar year.<\/p>\n<\/div>\n<\/div>\n\n\n\n<div class=\"wp-block-columns is-layout-flex wp-container-core-columns-is-layout-e27c1ab9 wp-block-columns-is-layout-flex\" style=\"margin-top:var(--wp--preset--spacing--10)\">\n<div class=\"wp-block-column has-border-radius has-background is-layout-flow wp-block-column-is-layout-flow\" style=\"background:linear-gradient(237deg,rgb(5,59,46) 0%,rgb(1,116,76) 100%);padding-top:20px;padding-right:20px;padding-bottom:20px;padding-left:20px\">\n<h2 class=\"wp-block-heading has-heading-text-color-color has-text-color has-link-color wp-elements-c5271340de95c85552dc96c754492a4e\" style=\"font-size:clamp(14px, 0.875rem + ((1vw - 3.2px) * 0.488), 18px);font-style:normal;font-weight:600\">Invoice<\/h2>\n\n\n\n<p style=\"font-size:clamp(14px, 0.875rem + ((1vw - 3.2px) * 0.244), 16px);\">Authors are required to submit the request form together with payment instructions (proforma, invoice, etc.). Refund requirements for co-financing of publication costs from OA Fund already paid from other sources will not be accepted.<\/p>\n<\/div>\n\n\n\n<div class=\"wp-block-column has-border-radius has-background is-layout-flow wp-block-column-is-layout-flow\" style=\"background:linear-gradient(158deg,rgb(70,96,78) 12%,rgb(15,84,92) 100%);padding-top:20px;padding-right:20px;padding-bottom:20px;padding-left:20px\">\n<h2 class=\"wp-block-heading has-heading-text-color-color has-text-color has-link-color wp-elements-c6fd7f0eabd5daa03492382a15f8c2f2\" style=\"font-size:clamp(14px, 0.875rem + ((1vw - 3.2px) * 0.488), 18px);font-style:normal;font-weight:600\">Project<\/h2>\n\n\n\n<p style=\"font-size:clamp(14px, 0.875rem + ((1vw - 3.2px) * 0.244), 16px);\">Requirements for co-financing of non-mandatory open access fees will only be accepted if the open access is required by the provider of research funding.<\/p>\n<\/div>\n\n\n\n<div class=\"wp-block-column has-border-radius has-background is-layout-flow wp-block-column-is-layout-flow\" style=\"background:linear-gradient(191deg,rgb(76,143,125) 0%,rgb(14,68,61) 100%);padding-top:20px;padding-right:20px;padding-bottom:20px;padding-left:20px\">\n<h2 class=\"wp-block-heading has-heading-text-color-color has-text-color has-link-color wp-elements-08d31726faa16909a092d4823fa221cc\" style=\"font-size:clamp(14px, 0.875rem + ((1vw - 3.2px) * 0.488), 18px);font-style:normal;font-weight:600\">First come, first served\u2026<\/h2>\n\n\n\n<p style=\"font-size:clamp(14px, 0.875rem + ((1vw - 3.2px) * 0.244), 16px);\">Applications may only be granted until the Fund is drained in a given calendar year.<\/p>\n<\/div>\n<\/div>\n\n\n\n<div class=\"wp-block-columns is-layout-flex wp-container-core-columns-is-layout-e27c1ab9 wp-block-columns-is-layout-flex\" style=\"margin-top:var(--wp--preset--spacing--10)\">\n<div class=\"wp-block-column has-border-radius has-background is-layout-flow wp-block-column-is-layout-flow\" style=\"background:linear-gradient(0deg,rgb(34,37,35) 7%,rgb(12,75,79) 100%);padding-top:20px;padding-right:20px;padding-bottom:20px;padding-left:20px\">\n<h2 class=\"wp-block-heading has-heading-text-color-color has-text-color has-link-color wp-elements-be61f7ae246582e88329de7ea5063f08\" style=\"font-size:clamp(14px, 0.875rem + ((1vw - 3.2px) * 0.488), 18px);font-style:normal;font-weight:600\">Fill out the form!<\/h2>\n\n\n\n<p style=\"font-size:clamp(14px, 0.875rem + ((1vw - 3.2px) * 0.244), 16px);\">To apply for funding, please fill out&nbsp;<a href=\"https:\/\/www.bc.cas.cz\/Cds\/Download\/?filename=5648_OpenAccessFund_request_form_2026_v2\" target=\"_blank\" rel=\"noreferrer noopener\"><strong>the application form<\/strong><\/a>&nbsp;(after opening the file, select \"File\" &gt; \"Create a Copy\" &gt; \"Download a Copy\") and send it, along with the invoice for the APC publication fee from the publisher and the manuscript, to the Open Science Manager (frantisek.vorel@bc.cas.cz).<\/p>\n<\/div>\n<\/div>\n<\/div>\n<\/main>","protected":false},"excerpt":{"rendered":"<p>TOP15 Podporov\u00e1ny budou pouze publikace s AIS nad 1,2 nebo TOP 15 % v z\u00e1vislosti na v\u011bdn\u00edm oboru. Koresponduj\u00edc\u00ed autor Publikace mus\u00ed b\u00fdt zalo\u017eena na v\u00fdzkumu prov\u00e1d\u011bn\u00e9m p\u0159ev\u00e1\u017en\u011b v&nbsp;Biologick\u00e9m centru (koresponduj\u00edc\u00ed autor zam\u011bstnan\u00fd v BC; v\u00fdjime\u010dn\u011b alespo\u0148 jeden z nich). Q1 \u010casopis, ve kter\u00e9m je pr\u00e1ce p\u0159ijata k&nbsp;publikaci, by m\u011bl b\u00fdt WoS za\u0159azen do kvartilu [&hellip;]<\/p>\n","protected":false},"author":1,"featured_media":0,"parent":367,"menu_order":0,"comment_status":"closed","ping_status":"closed","template":"","meta":{"footnotes":""},"class_list":["post-123","page","type-page","status-publish","hentry"],"_links":{"self":[{"href":"https:\/\/openscience.bc.cas.cz\/en\/wp-json\/wp\/v2\/pages\/123","targetHints":{"allow":["GET"]}}],"collection":[{"href":"https:\/\/openscience.bc.cas.cz\/en\/wp-json\/wp\/v2\/pages"}],"about":[{"href":"https:\/\/openscience.bc.cas.cz\/en\/wp-json\/wp\/v2\/types\/page"}],"author":[{"embeddable":true,"href":"https:\/\/openscience.bc.cas.cz\/en\/wp-json\/wp\/v2\/users\/1"}],"replies":[{"embeddable":true,"href":"https:\/\/openscience.bc.cas.cz\/en\/wp-json\/wp\/v2\/comments?post=123"}],"version-history":[{"count":24,"href":"https:\/\/openscience.bc.cas.cz\/en\/wp-json\/wp\/v2\/pages\/123\/revisions"}],"predecessor-version":[{"id":1068,"href":"https:\/\/openscience.bc.cas.cz\/en\/wp-json\/wp\/v2\/pages\/123\/revisions\/1068"}],"up":[{"embeddable":true,"href":"https:\/\/openscience.bc.cas.cz\/en\/wp-json\/wp\/v2\/pages\/367"}],"wp:attachment":[{"href":"https:\/\/openscience.bc.cas.cz\/en\/wp-json\/wp\/v2\/media?parent=123"}],"curies":[{"name":"wp","href":"https:\/\/api.w.org\/{rel}","templated":true}]}}